{"id":882,"date":"2018-10-27T10:26:04","date_gmt":"2018-10-27T09:26:04","guid":{"rendered":"http:\/\/sophiepapiau.fr\/wordpress\/?page_id=882"},"modified":"2018-10-27T10:51:04","modified_gmt":"2018-10-27T09:51:04","slug":"prodigieuses-creatures","status":"publish","type":"page","link":"https:\/\/sophiepapiau.fr\/wordpress\/textes\/prodigieuses-creatures\/","title":{"rendered":"Prodigieuses Cr\u00e9atures \/ Mathilde Amilhat."},"content":{"rendered":"<p>Prodigieuses cr\u00e9atures.<\/p>\n<p>Sophie Papiau nous explique son une attirance particuli\u00e8re<br \/>\npour les imageries scientifiques et on veut bien la croire tant on se<br \/>\nretrouve transport\u00e9s dans un univers d\u2019\u00e9tranges objets presque vivants,<br \/>\nd\u2019objets qui nous renvoient \u00e0 notre propre r\u00e9alit\u00e9 d\u2019\u00eatres construits<br \/>\npar l\u2019ADN, la r\u00e9alit\u00e9 de ce qui lie tout les vivants sur la plan\u00e8te, de<br \/>\nl\u2019arbre au lapin, du pachyderme \u00e0 l\u2019humain, etc&#8230;<br \/>\nElle associe la mollesse feutr\u00e9e du tissus \u00e0 la pesanteur brillante de<br \/>\nla c\u00e9ramique. Ses volumes sont en m\u00eame temps pos\u00e9s retenus sur le<br \/>\nsol \/ par le sol et gonfl\u00e9s par un h\u00e9lium curieux et contradictoire qui<br \/>\nles tire vers le haut ; comme un bestiaire \u00e9trange, repr\u00e9sentation de<br \/>\nce qu\u2019on ne peut pas voir de l\u2019infiniment petit, \u00eatres monocellulaires,<br \/>\n\u00e9tranges hybrides, cordons et liens entre des \u00eatres dissonants&#8230;<br \/>\nGr\u00e2ce aux dessins brod\u00e9s nous avons acc\u00e8s aux strates de ses<br \/>\nrecherches. Elle nous donne \u00e0 voir son \u00e9criture graphique, les d\u00e9tails<br \/>\nli\u00e9s et les croquis des formes comme un rappel de ses motifs sculpt\u00e9s<br \/>\ndans le tissus.<br \/>\nEntre infiniment grand et infiniment petit Sophie Papiau cr\u00e9e des<br \/>\nrencontres de formes dans des mati\u00e8res contraires qui nous renvoient<br \/>\nvers nos d\u00e9tails invisibles et\/ou inaccessibles.<\/p>\n<p>Mathilde Amilhat\u00a0\u00a0\u00a0\u00a0\u00a0\u00a0\u00a0\u00a0\u00a0\u00a0\u00a0 \u00a0 \u00a0 2018<\/p>\n","protected":false},"excerpt":{"rendered":"<p>Prodigieuses cr\u00e9atures. Sophie Papiau nous explique son une attirance particuli\u00e8re pour les imageries scientifiques et on veut bien la croire tant on se retrouve transport\u00e9s dans un univers d\u2019\u00e9tranges objets presque vivants, d\u2019objets qui nous renvoient \u00e0 notre propre r\u00e9alit\u00e9 d\u2019\u00eatres construits par l\u2019ADN, la r\u00e9alit\u00e9 de ce qui lie tout les vivants sur la plan\u00e8te, de l\u2019arbre au lapin, du pachyderme \u00e0 l\u2019humain, etc&#8230; Elle associe la mollesse feutr\u00e9e.. <a href=\"https:\/\/sophiepapiau.fr\/wordpress\/textes\/prodigieuses-creatures\/\">Read More<\/a><\/p>\n","protected":false},"author":1,"featured_media":0,"parent":47,"menu_order":0,"comment_status":"closed","ping_status":"closed","template":"","meta":[],"_links":{"self":[{"href":"https:\/\/sophiepapiau.fr\/wordpress\/wp-json\/wp\/v2\/pages\/882"}],"collection":[{"href":"https:\/\/sophiepapiau.fr\/wordpress\/wp-json\/wp\/v2\/pages"}],"about":[{"href":"https:\/\/sophiepapiau.fr\/wordpress\/wp-json\/wp\/v2\/types\/page"}],"author":[{"embeddable":true,"href":"https:\/\/sophiepapiau.fr\/wordpress\/wp-json\/wp\/v2\/users\/1"}],"replies":[{"embeddable":true,"href":"https:\/\/sophiepapiau.fr\/wordpress\/wp-json\/wp\/v2\/comments?post=882"}],"version-history":[{"count":4,"href":"https:\/\/sophiepapiau.fr\/wordpress\/wp-json\/wp\/v2\/pages\/882\/revisions"}],"predecessor-version":[{"id":889,"href":"https:\/\/sophiepapiau.fr\/wordpress\/wp-json\/wp\/v2\/pages\/882\/revisions\/889"}],"up":[{"embeddable":true,"href":"https:\/\/sophiepapiau.fr\/wordpress\/wp-json\/wp\/v2\/pages\/47"}],"wp:attachment":[{"href":"https:\/\/sophiepapiau.fr\/wordpress\/wp-json\/wp\/v2\/media?parent=882"}],"curies":[{"name":"wp","href":"https:\/\/api.w.org\/{rel}","templated":true}]}}