{"id":689,"date":"2018-06-11T16:30:55","date_gmt":"2018-06-11T15:30:55","guid":{"rendered":"http:\/\/sophiepapiau.fr\/wordpress\/?page_id=689"},"modified":"2025-11-26T19:32:13","modified_gmt":"2025-11-26T18:32:13","slug":"ecole-dart","status":"publish","type":"page","link":"https:\/\/sophiepapiau.fr\/wordpress\/interventions\/ecole-dart\/","title":{"rendered":"\u00c9cole d&rsquo;art"},"content":{"rendered":"\n<p><\/p>\n\n\n\n<p><\/p>\n\n\n\n<p><strong>Classes Pr\u00e9paratoire<\/strong> <\/p>\n\n\n\n<p>Sculptures textile en lien avec le d\u00e9fil\u00e9 de la section style MJM Nantes<\/p>\n\n\n\n<p> #Diff\u00e9rent 2018<\/p>\n\n\n\n<figure class=\"wp-block-gallery columns-3 is-cropped wp-block-gallery-1 is-layout-flex\"><ul class=\"blocks-gallery-grid\"><li class=\"blocks-gallery-item\"><figure><img decoding=\"async\" loading=\"lazy\" width=\"685\" height=\"1024\" src=\"https:\/\/sophiepapiau.fr\/wordpress\/wp-content\/uploads\/2021\/03\/P1170800-685x1024.jpg\" alt=\"\" data-id=\"1021\" data-full-url=\"https:\/\/sophiepapiau.fr\/wordpress\/wp-content\/uploads\/2021\/03\/P1170800-scaled.jpg\" data-link=\"https:\/\/sophiepapiau.fr\/wordpress\/interventions\/ecole-dart\/p1170800\/\" class=\"wp-image-1021\" srcset=\"https:\/\/sophiepapiau.fr\/wordpress\/wp-content\/uploads\/2021\/03\/P1170800-685x1024.jpg 685w, https:\/\/sophiepapiau.fr\/wordpress\/wp-content\/uploads\/2021\/03\/P1170800-201x300.jpg 201w, https:\/\/sophiepapiau.fr\/wordpress\/wp-content\/uploads\/2021\/03\/P1170800-768x1149.jpg 768w, https:\/\/sophiepapiau.fr\/wordpress\/wp-content\/uploads\/2021\/03\/P1170800-1027x1536.jpg 1027w, https:\/\/sophiepapiau.fr\/wordpress\/wp-content\/uploads\/2021\/03\/P1170800-1369x2048.jpg 1369w, https:\/\/sophiepapiau.fr\/wordpress\/wp-content\/uploads\/2021\/03\/P1170800-scaled.jpg 1711w\" sizes=\"(max-width: 685px) 100vw, 685px\" \/><\/figure><\/li><li class=\"blocks-gallery-item\"><figure><img decoding=\"async\" loading=\"lazy\" width=\"1024\" height=\"685\" src=\"https:\/\/sophiepapiau.fr\/wordpress\/wp-content\/uploads\/2021\/03\/P1170810-1024x685.jpg\" alt=\"\" data-id=\"1022\" data-full-url=\"https:\/\/sophiepapiau.fr\/wordpress\/wp-content\/uploads\/2021\/03\/P1170810-scaled.jpg\" data-link=\"https:\/\/sophiepapiau.fr\/wordpress\/interventions\/ecole-dart\/p1170810\/\" class=\"wp-image-1022\" srcset=\"https:\/\/sophiepapiau.fr\/wordpress\/wp-content\/uploads\/2021\/03\/P1170810-1024x685.jpg 1024w, https:\/\/sophiepapiau.fr\/wordpress\/wp-content\/uploads\/2021\/03\/P1170810-300x201.jpg 300w, https:\/\/sophiepapiau.fr\/wordpress\/wp-content\/uploads\/2021\/03\/P1170810-768x513.jpg 768w, https:\/\/sophiepapiau.fr\/wordpress\/wp-content\/uploads\/2021\/03\/P1170810-1536x1027.jpg 1536w, https:\/\/sophiepapiau.fr\/wordpress\/wp-content\/uploads\/2021\/03\/P1170810-2048x1369.jpg 2048w\" sizes=\"(max-width: 1024px) 100vw, 1024px\" \/><\/figure><\/li><li class=\"blocks-gallery-item\"><figure><img decoding=\"async\" loading=\"lazy\" width=\"685\" height=\"1024\" src=\"https:\/\/sophiepapiau.fr\/wordpress\/wp-content\/uploads\/2021\/03\/P1170813-685x1024.jpg\" alt=\"\" data-id=\"1023\" data-full-url=\"https:\/\/sophiepapiau.fr\/wordpress\/wp-content\/uploads\/2021\/03\/P1170813-scaled.jpg\" data-link=\"https:\/\/sophiepapiau.fr\/wordpress\/interventions\/ecole-dart\/p1170813\/\" class=\"wp-image-1023\" srcset=\"https:\/\/sophiepapiau.fr\/wordpress\/wp-content\/uploads\/2021\/03\/P1170813-685x1024.jpg 685w, https:\/\/sophiepapiau.fr\/wordpress\/wp-content\/uploads\/2021\/03\/P1170813-201x300.jpg 201w, https:\/\/sophiepapiau.fr\/wordpress\/wp-content\/uploads\/2021\/03\/P1170813-768x1149.jpg 768w, https:\/\/sophiepapiau.fr\/wordpress\/wp-content\/uploads\/2021\/03\/P1170813-1027x1536.jpg 1027w, https:\/\/sophiepapiau.fr\/wordpress\/wp-content\/uploads\/2021\/03\/P1170813-1369x2048.jpg 1369w, https:\/\/sophiepapiau.fr\/wordpress\/wp-content\/uploads\/2021\/03\/P1170813-scaled.jpg 1711w\" sizes=\"(max-width: 685px) 100vw, 685px\" \/><\/figure><\/li><\/ul><figcaption class=\"blocks-gallery-caption\">On  2020<\/figcaption><\/figure>\n\n\n\n<div class=\"wp-block-image\"><figure class=\"alignleft size-large is-resized\"><a href=\"https:\/\/sophiepapiau.fr\/wordpress\/wp-content\/uploads\/2025\/11\/P1210613-1.jpg\"><img decoding=\"async\" loading=\"lazy\" src=\"https:\/\/sophiepapiau.fr\/wordpress\/wp-content\/uploads\/2025\/11\/P1210613-1-1024x683.jpg\" alt=\"\" class=\"wp-image-1254\" width=\"392\" height=\"261\" srcset=\"https:\/\/sophiepapiau.fr\/wordpress\/wp-content\/uploads\/2025\/11\/P1210613-1-1024x683.jpg 1024w, https:\/\/sophiepapiau.fr\/wordpress\/wp-content\/uploads\/2025\/11\/P1210613-1-300x200.jpg 300w, https:\/\/sophiepapiau.fr\/wordpress\/wp-content\/uploads\/2025\/11\/P1210613-1-768x512.jpg 768w, https:\/\/sophiepapiau.fr\/wordpress\/wp-content\/uploads\/2025\/11\/P1210613-1-1536x1024.jpg 1536w, https:\/\/sophiepapiau.fr\/wordpress\/wp-content\/uploads\/2025\/11\/P1210613-1-2048x1365.jpg 2048w\" sizes=\"(max-width: 392px) 100vw, 392px\" \/><\/a><\/figure><\/div>\n\n\n\n<div class=\"wp-block-image\"><figure class=\"alignright size-large is-resized\"><a href=\"https:\/\/sophiepapiau.fr\/wordpress\/wp-content\/uploads\/2025\/11\/P1210615-2.jpg\"><img decoding=\"async\" loading=\"lazy\" src=\"https:\/\/sophiepapiau.fr\/wordpress\/wp-content\/uploads\/2025\/11\/P1210615-2-1024x683.jpg\" alt=\"\" class=\"wp-image-1256\" width=\"396\" height=\"264\" srcset=\"https:\/\/sophiepapiau.fr\/wordpress\/wp-content\/uploads\/2025\/11\/P1210615-2-1024x683.jpg 1024w, https:\/\/sophiepapiau.fr\/wordpress\/wp-content\/uploads\/2025\/11\/P1210615-2-300x200.jpg 300w, https:\/\/sophiepapiau.fr\/wordpress\/wp-content\/uploads\/2025\/11\/P1210615-2-768x512.jpg 768w, https:\/\/sophiepapiau.fr\/wordpress\/wp-content\/uploads\/2025\/11\/P1210615-2-1536x1024.jpg 1536w, https:\/\/sophiepapiau.fr\/wordpress\/wp-content\/uploads\/2025\/11\/P1210615-2-2048x1365.jpg 2048w\" sizes=\"(max-width: 396px) 100vw, 396px\" \/><\/a><figcaption> <\/figcaption><\/figure><\/div>\n\n\n\n<p><\/p>\n\n\n\n<p><\/p>\n\n\n\n<p>RESeT  <\/p>\n\n\n\n<div class=\"wp-block-image\"><figure class=\"alignleft size-large is-resized\"><a href=\"https:\/\/sophiepapiau.fr\/wordpress\/wp-content\/uploads\/2025\/11\/P1250031-3.jpg\"><img decoding=\"async\" loading=\"lazy\" src=\"https:\/\/sophiepapiau.fr\/wordpress\/wp-content\/uploads\/2025\/11\/P1250031-3-1024x925.jpg\" alt=\"\" class=\"wp-image-1264\" width=\"401\" height=\"362\" srcset=\"https:\/\/sophiepapiau.fr\/wordpress\/wp-content\/uploads\/2025\/11\/P1250031-3-1024x925.jpg 1024w, https:\/\/sophiepapiau.fr\/wordpress\/wp-content\/uploads\/2025\/11\/P1250031-3-300x271.jpg 300w, https:\/\/sophiepapiau.fr\/wordpress\/wp-content\/uploads\/2025\/11\/P1250031-3-768x694.jpg 768w, https:\/\/sophiepapiau.fr\/wordpress\/wp-content\/uploads\/2025\/11\/P1250031-3.jpg 1300w\" sizes=\"(max-width: 401px) 100vw, 401px\" \/><\/a><\/figure><\/div>\n\n\n\n<figure class=\"wp-block-image size-large is-resized\"><a href=\"https:\/\/sophiepapiau.fr\/wordpress\/wp-content\/uploads\/2025\/11\/P1250019-1.jpg\"><img decoding=\"async\" loading=\"lazy\" src=\"https:\/\/sophiepapiau.fr\/wordpress\/wp-content\/uploads\/2025\/11\/P1250019-1-1024x1022.jpg\" alt=\"\" class=\"wp-image-1263\" width=\"371\" height=\"370\" srcset=\"https:\/\/sophiepapiau.fr\/wordpress\/wp-content\/uploads\/2025\/11\/P1250019-1-1024x1022.jpg 1024w, https:\/\/sophiepapiau.fr\/wordpress\/wp-content\/uploads\/2025\/11\/P1250019-1-300x300.jpg 300w, https:\/\/sophiepapiau.fr\/wordpress\/wp-content\/uploads\/2025\/11\/P1250019-1-150x150.jpg 150w, https:\/\/sophiepapiau.fr\/wordpress\/wp-content\/uploads\/2025\/11\/P1250019-1-768x766.jpg 768w, https:\/\/sophiepapiau.fr\/wordpress\/wp-content\/uploads\/2025\/11\/P1250019-1.jpg 1309w\" sizes=\"(max-width: 371px) 100vw, 371px\" \/><\/a><\/figure>\n\n\n\n<p><\/p>\n\n\n\n<p><\/p>\n\n\n\n<p>Personnage Papier mach\u00e9 \/ grillage <\/p>\n\n\n\n<figure class=\"wp-block-gallery columns-2 is-cropped wp-block-gallery-3 is-layout-flex\"><ul class=\"blocks-gallery-grid\"><li class=\"blocks-gallery-item\"><figure><img decoding=\"async\" loading=\"lazy\" width=\"685\" height=\"1024\" src=\"https:\/\/sophiepapiau.fr\/wordpress\/wp-content\/uploads\/2021\/03\/P1170172-685x1024.jpg\" alt=\"\" data-id=\"1028\" data-link=\"https:\/\/sophiepapiau.fr\/wordpress\/interventions\/ecole-dart\/p1170172-2\/\" class=\"wp-image-1028\" srcset=\"https:\/\/sophiepapiau.fr\/wordpress\/wp-content\/uploads\/2021\/03\/P1170172-685x1024.jpg 685w, https:\/\/sophiepapiau.fr\/wordpress\/wp-content\/uploads\/2021\/03\/P1170172-201x300.jpg 201w, https:\/\/sophiepapiau.fr\/wordpress\/wp-content\/uploads\/2021\/03\/P1170172-768x1149.jpg 768w, https:\/\/sophiepapiau.fr\/wordpress\/wp-content\/uploads\/2021\/03\/P1170172-1027x1536.jpg 1027w, https:\/\/sophiepapiau.fr\/wordpress\/wp-content\/uploads\/2021\/03\/P1170172-1369x2048.jpg 1369w, https:\/\/sophiepapiau.fr\/wordpress\/wp-content\/uploads\/2021\/03\/P1170172-scaled.jpg 1711w\" sizes=\"(max-width: 685px) 100vw, 685px\" \/><\/figure><\/li><li class=\"blocks-gallery-item\"><figure><img decoding=\"async\" loading=\"lazy\" width=\"1024\" height=\"809\" src=\"https:\/\/sophiepapiau.fr\/wordpress\/wp-content\/uploads\/2021\/03\/P1170141-1-scaled-e1617091924273-1024x809.jpg\" alt=\"\" data-id=\"1029\" data-link=\"https:\/\/sophiepapiau.fr\/wordpress\/interventions\/ecole-dart\/p1170141-1\/\" class=\"wp-image-1029\" srcset=\"https:\/\/sophiepapiau.fr\/wordpress\/wp-content\/uploads\/2021\/03\/P1170141-1-scaled-e1617091924273-1024x809.jpg 1024w, https:\/\/sophiepapiau.fr\/wordpress\/wp-content\/uploads\/2021\/03\/P1170141-1-scaled-e1617091924273-300x237.jpg 300w, https:\/\/sophiepapiau.fr\/wordpress\/wp-content\/uploads\/2021\/03\/P1170141-1-scaled-e1617091924273-768x606.jpg 768w, https:\/\/sophiepapiau.fr\/wordpress\/wp-content\/uploads\/2021\/03\/P1170141-1-scaled-e1617091924273-1536x1213.jpg 1536w, https:\/\/sophiepapiau.fr\/wordpress\/wp-content\/uploads\/2021\/03\/P1170141-1-scaled-e1617091924273-2048x1617.jpg 2048w\" sizes=\"(max-width: 1024px) 100vw, 1024px\" \/><\/figure><\/li><\/ul><\/figure>\n\n\n\n<div class=\"wp-block-image\"><figure class=\"alignright size-large is-resized\"><a href=\"https:\/\/sophiepapiau.fr\/wordpress\/wp-content\/uploads\/2025\/11\/P1250317-2.jpg\"><img decoding=\"async\" loading=\"lazy\" src=\"https:\/\/sophiepapiau.fr\/wordpress\/wp-content\/uploads\/2025\/11\/P1250317-2-1024x873.jpg\" alt=\"\" class=\"wp-image-1279\" width=\"356\" height=\"303\" srcset=\"https:\/\/sophiepapiau.fr\/wordpress\/wp-content\/uploads\/2025\/11\/P1250317-2-1024x873.jpg 1024w, https:\/\/sophiepapiau.fr\/wordpress\/wp-content\/uploads\/2025\/11\/P1250317-2-300x256.jpg 300w, https:\/\/sophiepapiau.fr\/wordpress\/wp-content\/uploads\/2025\/11\/P1250317-2-768x655.jpg 768w, https:\/\/sophiepapiau.fr\/wordpress\/wp-content\/uploads\/2025\/11\/P1250317-2-1536x1310.jpg 1536w, https:\/\/sophiepapiau.fr\/wordpress\/wp-content\/uploads\/2025\/11\/P1250317-2.jpg 1553w\" sizes=\"(max-width: 356px) 100vw, 356px\" \/><\/a><\/figure><\/div>\n\n\n\n<div class=\"wp-block-image\"><figure class=\"alignleft size-large is-resized\"><a href=\"https:\/\/sophiepapiau.fr\/wordpress\/wp-content\/uploads\/2025\/11\/P1250273-1.jpg\"><img decoding=\"async\" loading=\"lazy\" src=\"https:\/\/sophiepapiau.fr\/wordpress\/wp-content\/uploads\/2025\/11\/P1250273-1-1024x617.jpg\" alt=\"\" class=\"wp-image-1280\" width=\"448\" height=\"270\" srcset=\"https:\/\/sophiepapiau.fr\/wordpress\/wp-content\/uploads\/2025\/11\/P1250273-1-1024x617.jpg 1024w, https:\/\/sophiepapiau.fr\/wordpress\/wp-content\/uploads\/2025\/11\/P1250273-1-300x181.jpg 300w, https:\/\/sophiepapiau.fr\/wordpress\/wp-content\/uploads\/2025\/11\/P1250273-1-768x463.jpg 768w, https:\/\/sophiepapiau.fr\/wordpress\/wp-content\/uploads\/2025\/11\/P1250273-1-1536x925.jpg 1536w, https:\/\/sophiepapiau.fr\/wordpress\/wp-content\/uploads\/2025\/11\/P1250273-1.jpg 1851w\" sizes=\"(max-width: 448px) 100vw, 448px\" \/><\/a><\/figure><\/div>\n\n\n<p>\u00a0<\/p>\n<p>\u00a0<\/p>\n<p>\u00a0<\/p>\n<p>\u00a0<\/p>\n<p>\u00a0<\/p>\n<p><br \/>Graines Modelage argile<\/p>\n<p>\u00a0<\/p>\n<p>\u00a0<\/p>\n<p>\u00a0<\/p>\n<p><img decoding=\"async\" loading=\"lazy\" class=\"alignnone size-medium wp-image-917\" src=\"https:\/\/sophiepapiau.fr\/wordpress\/wp-content\/uploads\/2019\/02\/P1170350-202x300.jpg\" alt=\"\" width=\"202\" height=\"300\" srcset=\"https:\/\/sophiepapiau.fr\/wordpress\/wp-content\/uploads\/2019\/02\/P1170350-202x300.jpg 202w, https:\/\/sophiepapiau.fr\/wordpress\/wp-content\/uploads\/2019\/02\/P1170350.jpg 496w\" sizes=\"(max-width: 202px) 100vw, 202px\" \/> <img decoding=\"async\" loading=\"lazy\" class=\"alignnone size-medium wp-image-916\" src=\"https:\/\/sophiepapiau.fr\/wordpress\/wp-content\/uploads\/2019\/02\/P1170327-235x300.jpg\" alt=\"\" width=\"235\" height=\"300\" srcset=\"https:\/\/sophiepapiau.fr\/wordpress\/wp-content\/uploads\/2019\/02\/P1170327-235x300.jpg 235w, https:\/\/sophiepapiau.fr\/wordpress\/wp-content\/uploads\/2019\/02\/P1170327.jpg 496w\" sizes=\"(max-width: 235px) 100vw, 235px\" \/> <img decoding=\"async\" loading=\"lazy\" class=\"alignnone size-medium wp-image-914\" src=\"https:\/\/sophiepapiau.fr\/wordpress\/wp-content\/uploads\/2019\/02\/P1170304-269x300.jpg\" alt=\"\" width=\"269\" height=\"300\" srcset=\"https:\/\/sophiepapiau.fr\/wordpress\/wp-content\/uploads\/2019\/02\/P1170304-269x300.jpg 269w, https:\/\/sophiepapiau.fr\/wordpress\/wp-content\/uploads\/2019\/02\/P1170304.jpg 496w\" sizes=\"(max-width: 269px) 100vw, 269px\" \/><\/p>\n<p>\u00a0<\/p>\n<p>\u00a0<\/p>\n<p><strong>Classes pr\u00e9paratoires<\/strong><\/p>\n<p>Modelage Argile :<\/p>\n<p><img decoding=\"async\" loading=\"lazy\" class=\"wp-image-856 alignnone\" src=\"https:\/\/sophiepapiau.fr\/wordpress\/wp-content\/uploads\/2018\/10\/Ca1-10cm--300x173.jpg\" alt=\"\" width=\"430\" height=\"248\" srcset=\"https:\/\/sophiepapiau.fr\/wordpress\/wp-content\/uploads\/2018\/10\/Ca1-10cm--300x173.jpg 300w, https:\/\/sophiepapiau.fr\/wordpress\/wp-content\/uploads\/2018\/10\/Ca1-10cm-.jpg 709w\" sizes=\"(max-width: 430px) 100vw, 430px\" \/><img decoding=\"async\" loading=\"lazy\" class=\"alignnone size-medium wp-image-853\" src=\"https:\/\/sophiepapiau.fr\/wordpress\/wp-content\/uploads\/2018\/10\/Ca8-272x300.jpg\" alt=\"\" width=\"272\" height=\"300\" srcset=\"https:\/\/sophiepapiau.fr\/wordpress\/wp-content\/uploads\/2018\/10\/Ca8-272x300.jpg 272w, https:\/\/sophiepapiau.fr\/wordpress\/wp-content\/uploads\/2018\/10\/Ca8-768x846.jpg 768w, https:\/\/sophiepapiau.fr\/wordpress\/wp-content\/uploads\/2018\/10\/Ca8-929x1024.jpg 929w\" sizes=\"(max-width: 272px) 100vw, 272px\" \/> <img decoding=\"async\" loading=\"lazy\" class=\"alignnone size-medium wp-image-851\" src=\"https:\/\/sophiepapiau.fr\/wordpress\/wp-content\/uploads\/2018\/10\/Ca2-225x300.jpg\" alt=\"\" width=\"225\" height=\"300\" srcset=\"https:\/\/sophiepapiau.fr\/wordpress\/wp-content\/uploads\/2018\/10\/Ca2-225x300.jpg 225w, https:\/\/sophiepapiau.fr\/wordpress\/wp-content\/uploads\/2018\/10\/Ca2-768x1023.jpg 768w, https:\/\/sophiepapiau.fr\/wordpress\/wp-content\/uploads\/2018\/10\/Ca2-769x1024.jpg 769w\" sizes=\"(max-width: 225px) 100vw, 225px\" \/><\/p>\n<p>\u00a0<\/p>\n<p><strong>Couture<\/strong><\/p>\n<p>\u00a0<\/p>\n<p><img decoding=\"async\" loading=\"lazy\" class=\"size-medium wp-image-690 alignleft\" src=\"https:\/\/sophiepapiau.fr\/wordpress\/wp-content\/uploads\/2018\/03\/P1080710-300x300.jpg\" alt=\"\" width=\"300\" height=\"300\" srcset=\"https:\/\/sophiepapiau.fr\/wordpress\/wp-content\/uploads\/2018\/03\/P1080710-300x300.jpg 300w, https:\/\/sophiepapiau.fr\/wordpress\/wp-content\/uploads\/2018\/03\/P1080710-150x150.jpg 150w, https:\/\/sophiepapiau.fr\/wordpress\/wp-content\/uploads\/2018\/03\/P1080710-768x768.jpg 768w, https:\/\/sophiepapiau.fr\/wordpress\/wp-content\/uploads\/2018\/03\/P1080710-1024x1024.jpg 1024w, https:\/\/sophiepapiau.fr\/wordpress\/wp-content\/uploads\/2018\/03\/P1080710.jpg 1536w\" sizes=\"(max-width: 300px) 100vw, 300px\" \/><\/p>\n<p><img decoding=\"async\" loading=\"lazy\" class=\"wp-image-695 alignleft\" src=\"https:\/\/sophiepapiau.fr\/wordpress\/wp-content\/uploads\/2018\/03\/P1060051-300x225.jpg\" alt=\"\" width=\"244\" height=\"183\" srcset=\"https:\/\/sophiepapiau.fr\/wordpress\/wp-content\/uploads\/2018\/03\/P1060051-300x225.jpg 300w, https:\/\/sophiepapiau.fr\/wordpress\/wp-content\/uploads\/2018\/03\/P1060051-768x576.jpg 768w, https:\/\/sophiepapiau.fr\/wordpress\/wp-content\/uploads\/2018\/03\/P1060051-1024x768.jpg 1024w\" sizes=\"(max-width: 244px) 100vw, 244px\" \/><\/p>\n<p><img decoding=\"async\" loading=\"lazy\" class=\"size-medium wp-image-692 alignnone\" src=\"https:\/\/sophiepapiau.fr\/wordpress\/wp-content\/uploads\/2018\/03\/P1080748-e1520790035467-200x300.jpg\" alt=\"\" width=\"200\" height=\"300\" srcset=\"https:\/\/sophiepapiau.fr\/wordpress\/wp-content\/uploads\/2018\/03\/P1080748-e1520790035467-200x300.jpg 200w, https:\/\/sophiepapiau.fr\/wordpress\/wp-content\/uploads\/2018\/03\/P1080748-e1520790035467-768x1152.jpg 768w, https:\/\/sophiepapiau.fr\/wordpress\/wp-content\/uploads\/2018\/03\/P1080748-e1520790035467-683x1024.jpg 683w, https:\/\/sophiepapiau.fr\/wordpress\/wp-content\/uploads\/2018\/03\/P1080748-e1520790035467.jpg 1408w\" sizes=\"(max-width: 200px) 100vw, 200px\" \/><\/p>\n<p><img decoding=\"async\" loading=\"lazy\" class=\"size-medium wp-image-698 alignright\" src=\"https:\/\/sophiepapiau.fr\/wordpress\/wp-content\/uploads\/2018\/03\/P1060143-300x225.jpg\" alt=\"\" width=\"300\" height=\"225\" srcset=\"https:\/\/sophiepapiau.fr\/wordpress\/wp-content\/uploads\/2018\/03\/P1060143-300x225.jpg 300w, https:\/\/sophiepapiau.fr\/wordpress\/wp-content\/uploads\/2018\/03\/P1060143-768x576.jpg 768w, https:\/\/sophiepapiau.fr\/wordpress\/wp-content\/uploads\/2018\/03\/P1060143-1024x768.jpg 1024w\" sizes=\"(max-width: 300px) 100vw, 300px\" \/><\/p>","protected":false},"excerpt":{"rendered":"<p>Classes Pr\u00e9paratoire Sculptures textile en lien avec le d\u00e9fil\u00e9 de la section style MJM Nantes #Diff\u00e9rent 2018 RESeT Personnage Papier mach\u00e9 \/ grillage \u00a0 \u00a0 \u00a0 \u00a0 \u00a0 Graines Modelage argile \u00a0 \u00a0 \u00a0 \u00a0 \u00a0 Classes pr\u00e9paratoires Modelage Argile : \u00a0 Couture \u00a0<\/p>\n","protected":false},"author":1,"featured_media":0,"parent":654,"menu_order":0,"comment_status":"closed","ping_status":"closed","template":"","meta":[],"_links":{"self":[{"href":"https:\/\/sophiepapiau.fr\/wordpress\/wp-json\/wp\/v2\/pages\/689"}],"collection":[{"href":"https:\/\/sophiepapiau.fr\/wordpress\/wp-json\/wp\/v2\/pages"}],"about":[{"href":"https:\/\/sophiepapiau.fr\/wordpress\/wp-json\/wp\/v2\/types\/page"}],"author":[{"embeddable":true,"href":"https:\/\/sophiepapiau.fr\/wordpress\/wp-json\/wp\/v2\/users\/1"}],"replies":[{"embeddable":true,"href":"https:\/\/sophiepapiau.fr\/wordpress\/wp-json\/wp\/v2\/comments?post=689"}],"version-history":[{"count":31,"href":"https:\/\/sophiepapiau.fr\/wordpress\/wp-json\/wp\/v2\/pages\/689\/revisions"}],"predecessor-version":[{"id":1281,"href":"https:\/\/sophiepapiau.fr\/wordpress\/wp-json\/wp\/v2\/pages\/689\/revisions\/1281"}],"up":[{"embeddable":true,"href":"https:\/\/sophiepapiau.fr\/wordpress\/wp-json\/wp\/v2\/pages\/654"}],"wp:attachment":[{"href":"https:\/\/sophiepapiau.fr\/wordpress\/wp-json\/wp\/v2\/media?parent=689"}],"curies":[{"name":"wp","href":"https:\/\/api.w.org\/{rel}","templated":true}]}}