{"id":563,"date":"2017-08-01T19:17:30","date_gmt":"2017-08-01T18:17:30","guid":{"rendered":"http:\/\/sophiepapiau.fr\/wordpress\/?page_id=563"},"modified":"2018-03-05T17:29:13","modified_gmt":"2018-03-05T16:29:13","slug":"homomicrosbilis-cest-mon-patrimoine-chateu-d-oiron-2017","status":"publish","type":"page","link":"https:\/\/sophiepapiau.fr\/wordpress\/homomicrosbilis-cest-mon-patrimoine-chateu-d-oiron-2017\/","title":{"rendered":"Homomicrosbilis \/ C&rsquo;est mon patrimoine. \/ Chateau d&rsquo; Oiron \/ 2017."},"content":{"rendered":"<p><img decoding=\"async\" loading=\"lazy\" class=\" wp-image-572 alignleft\" src=\"https:\/\/sophiepapiau.fr\/wordpress\/wp-content\/uploads\/2018\/03\/2-pers-200x300.jpg\" alt=\"\" width=\"303\" height=\"455\" srcset=\"https:\/\/sophiepapiau.fr\/wordpress\/wp-content\/uploads\/2018\/03\/2-pers-200x300.jpg 200w, https:\/\/sophiepapiau.fr\/wordpress\/wp-content\/uploads\/2018\/03\/2-pers-684x1024.jpg 684w\" sizes=\"(max-width: 303px) 100vw, 303px\" \/> <img decoding=\"async\" loading=\"lazy\" class=\"wp-image-573 alignright\" src=\"https:\/\/sophiepapiau.fr\/wordpress\/wp-content\/uploads\/2018\/03\/3-rois-277x300.jpg\" alt=\"\" width=\"404\" height=\"437\" srcset=\"https:\/\/sophiepapiau.fr\/wordpress\/wp-content\/uploads\/2018\/03\/3-rois-277x300.jpg 277w, https:\/\/sophiepapiau.fr\/wordpress\/wp-content\/uploads\/2018\/03\/3-rois-768x832.jpg 768w, https:\/\/sophiepapiau.fr\/wordpress\/wp-content\/uploads\/2018\/03\/3-rois-946x1024.jpg 946w\" sizes=\"(max-width: 404px) 100vw, 404px\" \/><\/p>\n<p>&nbsp;<\/p>\n<p>&nbsp;<\/p>\n<p>&nbsp;<\/p>\n<p>&nbsp;<\/p>\n<p>&nbsp;<\/p>\n<p>&nbsp;<\/p>\n<p>&nbsp;<\/p>\n<p>&nbsp;<\/p>\n<p>&nbsp;<\/p>\n<p>&nbsp;<\/p>\n<p>&nbsp;<\/p>\n<p>&nbsp;<\/p>\n<p>&nbsp;<\/p>\n<p>&nbsp;<\/p>\n<p>Dans le cadre des journ\u00e9es \u00a0\u00bb C&rsquo;est mon patrimoine.\u00a0\u00bb Ch\u00e2teau d&rsquo;Oiron, Centre des monuments Nationaux.<\/p>\n<p>Ateliers d\u2019exp\u00e9rimentations artistiques \/ Curiosit\u00e9s et sciences inexactes<\/p>\n<p><img decoding=\"async\" loading=\"lazy\" class=\"size-medium wp-image-574 alignright\" src=\"https:\/\/sophiepapiau.fr\/wordpress\/wp-content\/uploads\/2018\/03\/bete-a-3-tete-242x300.jpg\" alt=\"\" width=\"242\" height=\"300\" srcset=\"https:\/\/sophiepapiau.fr\/wordpress\/wp-content\/uploads\/2018\/03\/bete-a-3-tete-242x300.jpg 242w, https:\/\/sophiepapiau.fr\/wordpress\/wp-content\/uploads\/2018\/03\/bete-a-3-tete-768x950.jpg 768w, https:\/\/sophiepapiau.fr\/wordpress\/wp-content\/uploads\/2018\/03\/bete-a-3-tete-828x1024.jpg 828w\" sizes=\"(max-width: 242px) 100vw, 242px\" \/><\/p>\n<p>Homomicrobilis : Images microscopique zoom sur la mati\u00e8re.<br \/>\nRev\u00eatir un v\u00eatement magique qui fait appara\u00eetre notre int\u00e9rieur. Constell\u00e9 de cellules plus ou moins fluorescentes l\u2019image l\u2019int\u00e9rieur transforme l\u2019enfant en une personne d\u2019un autre monde.<\/p>\n<p>&nbsp;<\/p>\n<p>&nbsp;<\/p>\n<p>Avec des photos scientifiques gracieusement pr\u00eat\u00e9es par l&rsquo;INSERM (Institut National de la Recherche M\u00e9dicale).<\/p>\n<p><strong>\u00a0<\/strong><\/p>\n<p>&nbsp;<\/p>\n<p>&nbsp;<\/p>\n<p>&nbsp;<\/p>\n<p>&nbsp;<\/p>\n<p><img decoding=\"async\" loading=\"lazy\" class=\"size-medium wp-image-582 alignleft\" src=\"https:\/\/sophiepapiau.fr\/wordpress\/wp-content\/uploads\/2018\/03\/P1130388-277x300.jpg\" alt=\"\" width=\"277\" height=\"300\" srcset=\"https:\/\/sophiepapiau.fr\/wordpress\/wp-content\/uploads\/2018\/03\/P1130388-277x300.jpg 277w, https:\/\/sophiepapiau.fr\/wordpress\/wp-content\/uploads\/2018\/03\/P1130388-768x831.jpg 768w, https:\/\/sophiepapiau.fr\/wordpress\/wp-content\/uploads\/2018\/03\/P1130388-947x1024.jpg 947w\" sizes=\"(max-width: 277px) 100vw, 277px\" \/> <img decoding=\"async\" loading=\"lazy\" class=\"size-medium wp-image-581 alignnone\" src=\"https:\/\/sophiepapiau.fr\/wordpress\/wp-content\/uploads\/2018\/03\/P1130274-238x300.jpg\" alt=\"\" width=\"238\" height=\"300\" srcset=\"https:\/\/sophiepapiau.fr\/wordpress\/wp-content\/uploads\/2018\/03\/P1130274-238x300.jpg 238w, https:\/\/sophiepapiau.fr\/wordpress\/wp-content\/uploads\/2018\/03\/P1130274-768x970.jpg 768w, https:\/\/sophiepapiau.fr\/wordpress\/wp-content\/uploads\/2018\/03\/P1130274-811x1024.jpg 811w\" sizes=\"(max-width: 238px) 100vw, 238px\" \/><img decoding=\"async\" loading=\"lazy\" class=\" wp-image-580 alignright\" src=\"https:\/\/sophiepapiau.fr\/wordpress\/wp-content\/uploads\/2018\/03\/12-300x279.jpg\" alt=\"\" width=\"282\" height=\"262\" srcset=\"https:\/\/sophiepapiau.fr\/wordpress\/wp-content\/uploads\/2018\/03\/12-300x279.jpg 300w, https:\/\/sophiepapiau.fr\/wordpress\/wp-content\/uploads\/2018\/03\/12-768x714.jpg 768w, https:\/\/sophiepapiau.fr\/wordpress\/wp-content\/uploads\/2018\/03\/12-1024x952.jpg 1024w\" sizes=\"(max-width: 282px) 100vw, 282px\" \/><\/p>\n<p>&nbsp;<\/p>\n<p>&nbsp;<\/p>\n","protected":false},"excerpt":{"rendered":"<p>&nbsp; &nbsp; &nbsp; &nbsp; &nbsp; &nbsp; &nbsp; &nbsp; &nbsp; &nbsp; &nbsp; &nbsp; &nbsp; &nbsp; Dans le cadre des journ\u00e9es \u00a0\u00bb C&rsquo;est mon patrimoine.\u00a0\u00bb Ch\u00e2teau d&rsquo;Oiron, Centre des monuments Nationaux. Ateliers d\u2019exp\u00e9rimentations artistiques \/ Curiosit\u00e9s et sciences inexactes Homomicrobilis : Images microscopique zoom sur la mati\u00e8re. Rev\u00eatir un v\u00eatement magique qui fait appara\u00eetre notre int\u00e9rieur. Constell\u00e9 de cellules plus ou moins fluorescentes l\u2019image l\u2019int\u00e9rieur transforme l\u2019enfant en une personne d\u2019un autre.. <a href=\"https:\/\/sophiepapiau.fr\/wordpress\/homomicrosbilis-cest-mon-patrimoine-chateu-d-oiron-2017\/\">Read More<\/a><\/p>\n","protected":false},"author":1,"featured_media":0,"parent":0,"menu_order":0,"comment_status":"closed","ping_status":"closed","template":"","meta":[],"_links":{"self":[{"href":"https:\/\/sophiepapiau.fr\/wordpress\/wp-json\/wp\/v2\/pages\/563"}],"collection":[{"href":"https:\/\/sophiepapiau.fr\/wordpress\/wp-json\/wp\/v2\/pages"}],"about":[{"href":"https:\/\/sophiepapiau.fr\/wordpress\/wp-json\/wp\/v2\/types\/page"}],"author":[{"embeddable":true,"href":"https:\/\/sophiepapiau.fr\/wordpress\/wp-json\/wp\/v2\/users\/1"}],"replies":[{"embeddable":true,"href":"https:\/\/sophiepapiau.fr\/wordpress\/wp-json\/wp\/v2\/comments?post=563"}],"version-history":[{"count":13,"href":"https:\/\/sophiepapiau.fr\/wordpress\/wp-json\/wp\/v2\/pages\/563\/revisions"}],"predecessor-version":[{"id":584,"href":"https:\/\/sophiepapiau.fr\/wordpress\/wp-json\/wp\/v2\/pages\/563\/revisions\/584"}],"wp:attachment":[{"href":"https:\/\/sophiepapiau.fr\/wordpress\/wp-json\/wp\/v2\/media?parent=563"}],"curies":[{"name":"wp","href":"https:\/\/api.w.org\/{rel}","templated":true}]}}