{"id":502,"date":"2015-06-28T17:34:13","date_gmt":"2015-06-28T16:34:13","guid":{"rendered":"http:\/\/sophiepapiau.fr\/wordpress\/?page_id=502"},"modified":"2022-12-14T16:11:22","modified_gmt":"2022-12-14T15:11:22","slug":"interventions-colleges-lycees-ateliers","status":"publish","type":"page","link":"https:\/\/sophiepapiau.fr\/wordpress\/interventions\/interventions-colleges-lycees-ateliers\/","title":{"rendered":"Le vivant et ses formes \/ Installation \/ Interventions \/ Classe CE2, CM2, 4\u00e9m."},"content":{"rendered":"<p><img decoding=\"async\" loading=\"lazy\" class=\"wp-image-505 aligncenter\" src=\"https:\/\/sophiepapiau.fr\/wordpress\/wp-content\/uploads\/2018\/02\/372-300x200.jpg\" alt=\"\" width=\"742\" height=\"495\" srcset=\"https:\/\/sophiepapiau.fr\/wordpress\/wp-content\/uploads\/2018\/02\/372-300x200.jpg 300w, https:\/\/sophiepapiau.fr\/wordpress\/wp-content\/uploads\/2018\/02\/372.jpg 425w\" sizes=\"(max-width: 742px) 100vw, 742px\" \/><\/p>\n<p><em>Le vivant et ses formes<\/em>, r\u00e9stitution des interventions r\u00e9alis\u00e9es par des \u00e9l\u00e8ves de :<\/p>\n<p>CE2 Fill\u00e9 sur Sarthe (traphilo crochet\u00e9) , CM2 Loupelande (c\u00e9ramique : modelage, \u00e9maillage, cuisson au atelier de Malicorne ),\u00a0 4\u00e8m du Coll\u00e9ge de La Suze (couture, avec l&rsquo;aide des b\u00e9n\u00e9voles de G\u00e9n\u00e9ration en mouvement)<\/p>\n<p>En parall\u00e8le de la r\u00e9sidence <em>l&rsquo;Ultrastructure du zygote<\/em><\/p>\n<p>Centre d&rsquo;art de Moulinsart, Fill\u00e9 sur Sarthe, 2015.<\/p>\n<p><img decoding=\"async\" loading=\"lazy\" class=\"wp-image-514 alignleft\" src=\"https:\/\/sophiepapiau.fr\/wordpress\/wp-content\/uploads\/2018\/02\/472.jpg\" alt=\"\" width=\"380\" height=\"403\" \/><\/p>\n<p><img decoding=\"async\" loading=\"lazy\" class=\"wp-image-508 alignright\" src=\"https:\/\/sophiepapiau.fr\/wordpress\/wp-content\/uploads\/2018\/02\/2-72-227x300.jpg\" alt=\"\" width=\"306\" height=\"404\" srcset=\"https:\/\/sophiepapiau.fr\/wordpress\/wp-content\/uploads\/2018\/02\/2-72-227x300.jpg 227w, https:\/\/sophiepapiau.fr\/wordpress\/wp-content\/uploads\/2018\/02\/2-72.jpg 321w\" sizes=\"(max-width: 306px) 100vw, 306px\" \/><\/p>\n<figure id=\"attachment_533\" aria-describedby=\"caption-attachment-533\" style=\"width: 370px\" class=\"wp-caption alignleft\"><img decoding=\"async\" loading=\"lazy\" class=\"wp-image-533\" src=\"https:\/\/sophiepapiau.fr\/wordpress\/wp-content\/uploads\/2018\/03\/in-college-300x225.jpg\" alt=\"\" width=\"370\" height=\"277\" srcset=\"https:\/\/sophiepapiau.fr\/wordpress\/wp-content\/uploads\/2018\/03\/in-college-300x225.jpg 300w, https:\/\/sophiepapiau.fr\/wordpress\/wp-content\/uploads\/2018\/03\/in-college.jpg 425w\" sizes=\"(max-width: 370px) 100vw, 370px\" \/><figcaption id=\"caption-attachment-533\" class=\"wp-caption-text\">Atelier de couture, classe de 4 \u00e9m Coll\u00e8ge de La Suze sur Sartre.<\/figcaption><\/figure>\n<p><img decoding=\"async\" loading=\"lazy\" class=\"wp-image-538 alignright\" src=\"https:\/\/sophiepapiau.fr\/wordpress\/wp-content\/uploads\/2018\/03\/P1060282-300x225.jpg\" alt=\"\" width=\"371\" height=\"278\" srcset=\"https:\/\/sophiepapiau.fr\/wordpress\/wp-content\/uploads\/2018\/03\/P1060282-300x225.jpg 300w, https:\/\/sophiepapiau.fr\/wordpress\/wp-content\/uploads\/2018\/03\/P1060282-768x576.jpg 768w, https:\/\/sophiepapiau.fr\/wordpress\/wp-content\/uploads\/2018\/03\/P1060282-1024x768.jpg 1024w\" sizes=\"(max-width: 371px) 100vw, 371px\" \/><\/p>\n<p><img decoding=\"async\" loading=\"lazy\" class=\"wp-image-537  alignright\" src=\"https:\/\/sophiepapiau.fr\/wordpress\/wp-content\/uploads\/2018\/03\/P1060286-e1519919934742-225x300.jpg\" alt=\"\" width=\"191\" height=\"255\" srcset=\"https:\/\/sophiepapiau.fr\/wordpress\/wp-content\/uploads\/2018\/03\/P1060286-e1519919934742-225x300.jpg 225w, https:\/\/sophiepapiau.fr\/wordpress\/wp-content\/uploads\/2018\/03\/P1060286-e1519919934742-768x1024.jpg 768w\" sizes=\"(max-width: 191px) 100vw, 191px\" \/> <img decoding=\"async\" loading=\"lazy\" class=\"alignnone wp-image-539\" src=\"https:\/\/sophiepapiau.fr\/wordpress\/wp-content\/uploads\/2018\/03\/P1000204-300x225.jpg\" alt=\"\" width=\"280\" height=\"210\" srcset=\"https:\/\/sophiepapiau.fr\/wordpress\/wp-content\/uploads\/2018\/03\/P1000204-300x225.jpg 300w, https:\/\/sophiepapiau.fr\/wordpress\/wp-content\/uploads\/2018\/03\/P1000204-768x576.jpg 768w, https:\/\/sophiepapiau.fr\/wordpress\/wp-content\/uploads\/2018\/03\/P1000204-1024x768.jpg 1024w\" sizes=\"(max-width: 280px) 100vw, 280px\" \/><img decoding=\"async\" loading=\"lazy\" class=\"alignnone wp-image-544\" src=\"https:\/\/sophiepapiau.fr\/wordpress\/wp-content\/uploads\/2018\/03\/machine-300x225.jpg\" alt=\"\" width=\"267\" height=\"200\" srcset=\"https:\/\/sophiepapiau.fr\/wordpress\/wp-content\/uploads\/2018\/03\/machine-300x225.jpg 300w, https:\/\/sophiepapiau.fr\/wordpress\/wp-content\/uploads\/2018\/03\/machine-768x576.jpg 768w, https:\/\/sophiepapiau.fr\/wordpress\/wp-content\/uploads\/2018\/03\/machine-1024x768.jpg 1024w\" sizes=\"(max-width: 267px) 100vw, 267px\" \/><\/p>\n","protected":false},"excerpt":{"rendered":"<p>Le vivant et ses formes, r\u00e9stitution des interventions r\u00e9alis\u00e9es par des \u00e9l\u00e8ves de : CE2 Fill\u00e9 sur Sarthe (traphilo crochet\u00e9) , CM2 Loupelande (c\u00e9ramique : modelage, \u00e9maillage, cuisson au atelier de Malicorne ),\u00a0 4\u00e8m du Coll\u00e9ge de La Suze (couture, avec l&rsquo;aide des b\u00e9n\u00e9voles de G\u00e9n\u00e9ration en mouvement) En parall\u00e8le de la r\u00e9sidence l&rsquo;Ultrastructure du zygote Centre d&rsquo;art de Moulinsart, Fill\u00e9 sur Sarthe, 2015.<\/p>\n","protected":false},"author":1,"featured_media":0,"parent":654,"menu_order":0,"comment_status":"closed","ping_status":"closed","template":"","meta":[],"_links":{"self":[{"href":"https:\/\/sophiepapiau.fr\/wordpress\/wp-json\/wp\/v2\/pages\/502"}],"collection":[{"href":"https:\/\/sophiepapiau.fr\/wordpress\/wp-json\/wp\/v2\/pages"}],"about":[{"href":"https:\/\/sophiepapiau.fr\/wordpress\/wp-json\/wp\/v2\/types\/page"}],"author":[{"embeddable":true,"href":"https:\/\/sophiepapiau.fr\/wordpress\/wp-json\/wp\/v2\/users\/1"}],"replies":[{"embeddable":true,"href":"https:\/\/sophiepapiau.fr\/wordpress\/wp-json\/wp\/v2\/comments?post=502"}],"version-history":[{"count":23,"href":"https:\/\/sophiepapiau.fr\/wordpress\/wp-json\/wp\/v2\/pages\/502\/revisions"}],"predecessor-version":[{"id":1220,"href":"https:\/\/sophiepapiau.fr\/wordpress\/wp-json\/wp\/v2\/pages\/502\/revisions\/1220"}],"up":[{"embeddable":true,"href":"https:\/\/sophiepapiau.fr\/wordpress\/wp-json\/wp\/v2\/pages\/654"}],"wp:attachment":[{"href":"https:\/\/sophiepapiau.fr\/wordpress\/wp-json\/wp\/v2\/media?parent=502"}],"curies":[{"name":"wp","href":"https:\/\/api.w.org\/{rel}","templated":true}]}}