{"id":49,"date":"2017-02-01T15:15:35","date_gmt":"2017-02-01T14:15:35","guid":{"rendered":"http:\/\/sophiepapiau.fr\/wordpress\/?page_id=49"},"modified":"2018-10-27T10:44:14","modified_gmt":"2018-10-27T09:44:14","slug":"chantal-degardin","status":"publish","type":"page","link":"https:\/\/sophiepapiau.fr\/wordpress\/textes\/chantal-degardin\/","title":{"rendered":"Traces affleur\u00e9es de possibles effleur\u00e9s \/ Chantal Degardin"},"content":{"rendered":"<p>Traces affleur\u00e9es de possibles effleur\u00e9s , simul\u00e9 par d\u2019improbables voyages , l\u00e0 le corps s\u2019\u00e9crit de soi\u00a0. Au-del\u00e0 de r\u00e9manences d\u00e9multipli\u00e9es (comment ne pas songer <em>occidentalement<\/em> aux essuy\u00e9s de Saint V\u00e9ronique \u2026) , il s\u2019agirait non seulement d\u2019 explorer l\u2019espace par le dedans , pour cette impossible fusion avec le monde , mais aussi de penser l\u2019\u00eatre-l\u00e0 entier et paradoxalement petit ou impalpable , pour l\u2019immens\u00e9ment t\u00e9nu de nos profondeurs indicibles. Sans doute une \u00ab\u00a0infimit\u00e9\u00a0\u00bb traduite , \u00e0 la fronti\u00e8re exacte de l\u2019<em>inframince<\/em> de Duchamp . Entre nature et culture , l\u2019usage d\u00e9lib\u00e9r\u00e9 d\u2019images et de supports dont nous sommes (vites\u00a0!) familiers , cr\u00e9e \u00e0 la fois la confrontation ontologique (ou comme le pose Robert Musil , non pas la question de savoir \u00ab\u00a0qui est-on\u00a0?\u00a0\u00bb , mais \u00ab\u00a0 o\u00fa est -on\u00a0? \u00bb ) , et cette si fameuse inqui\u00e9tante \u00e9tranget\u00e9\u00a0: passer le nu au torchon (ou \u00e0 la serviette etc&#8230; ) ne fait pas que signifier que le corps a ses d\u00e9rives , mais qu\u2019il s\u2019effectue au travers du jeu gourmand de l\u2019apparition\u2013substitution po\u00e9tique , dans l\u2019intervalle du pr\u00e9sent\u00a0. L\u2019intime poss\u00e8de alors toute une musicalit\u00e9 tram\u00e9e ( tendue\u00a0? ) vers une r\u00e9conciliation subtile de l\u2019organique , ou nos anonymes rejoignent le semblable et l\u2019unique dans des lisi\u00e8res contradictoires , d\u00e9vid\u00e9es du silence .<\/p>\n<p>Chantal Degardin.\u00a0\u00a0\u00a0\u00a0 2003<\/p>\n","protected":false},"excerpt":{"rendered":"<p>Traces affleur\u00e9es de possibles effleur\u00e9s , simul\u00e9 par d\u2019improbables voyages , l\u00e0 le corps s\u2019\u00e9crit de soi\u00a0. Au-del\u00e0 de r\u00e9manences d\u00e9multipli\u00e9es (comment ne pas songer occidentalement aux essuy\u00e9s de Saint V\u00e9ronique \u2026) , il s\u2019agirait non seulement d\u2019 explorer l\u2019espace par le dedans , pour cette impossible fusion avec le monde , mais aussi de penser l\u2019\u00eatre-l\u00e0 entier et paradoxalement petit ou impalpable , pour l\u2019immens\u00e9ment t\u00e9nu de nos profondeurs.. <a href=\"https:\/\/sophiepapiau.fr\/wordpress\/textes\/chantal-degardin\/\">Read More<\/a><\/p>\n","protected":false},"author":1,"featured_media":0,"parent":47,"menu_order":0,"comment_status":"closed","ping_status":"closed","template":"","meta":[],"_links":{"self":[{"href":"https:\/\/sophiepapiau.fr\/wordpress\/wp-json\/wp\/v2\/pages\/49"}],"collection":[{"href":"https:\/\/sophiepapiau.fr\/wordpress\/wp-json\/wp\/v2\/pages"}],"about":[{"href":"https:\/\/sophiepapiau.fr\/wordpress\/wp-json\/wp\/v2\/types\/page"}],"author":[{"embeddable":true,"href":"https:\/\/sophiepapiau.fr\/wordpress\/wp-json\/wp\/v2\/users\/1"}],"replies":[{"embeddable":true,"href":"https:\/\/sophiepapiau.fr\/wordpress\/wp-json\/wp\/v2\/comments?post=49"}],"version-history":[{"count":5,"href":"https:\/\/sophiepapiau.fr\/wordpress\/wp-json\/wp\/v2\/pages\/49\/revisions"}],"predecessor-version":[{"id":888,"href":"https:\/\/sophiepapiau.fr\/wordpress\/wp-json\/wp\/v2\/pages\/49\/revisions\/888"}],"up":[{"embeddable":true,"href":"https:\/\/sophiepapiau.fr\/wordpress\/wp-json\/wp\/v2\/pages\/47"}],"wp:attachment":[{"href":"https:\/\/sophiepapiau.fr\/wordpress\/wp-json\/wp\/v2\/media?parent=49"}],"curies":[{"name":"wp","href":"https:\/\/api.w.org\/{rel}","templated":true}]}}