{"id":45,"date":"2016-11-30T16:08:06","date_gmt":"2016-11-30T15:08:06","guid":{"rendered":"http:\/\/sophiepapiau.fr\/wordpress\/?page_id=45"},"modified":"2026-03-23T14:41:11","modified_gmt":"2026-03-23T13:41:11","slug":"biographie","status":"publish","type":"page","link":"https:\/\/sophiepapiau.fr\/wordpress\/biographie\/","title":{"rendered":"Bio"},"content":{"rendered":"\n<p class=\"has-text-align-left\">\u00a0T\u00e9l\u00e9charger le catalogue \u00e9dit\u00e9 par le centre d&rsquo;art de Moulins&rsquo;art : \u00a0\u00a0\u00a0\u00a0<a href=\"https:\/\/sophiepapiau.fr\/wordpress\/wp-content\/uploads\/2018\/06\/CATA-int-papiau_BD.pdf\"> Catalogue Sophie Papiau \/ Centre d&rsquo;art de Moulinsart\u00a0Pdf 2015<\/a><\/p>\n\n\n\n<p class=\"has-text-align-left\">N\u00e9e en 1967 en Mayenne, Sophie Papiau vit et travaille \u00e0 Nantes, FRANCE.<br>Artiste plasticienne elle fait des \u00e9tudes en chimie biochimie avant d\u2019entrer aux Beaux- arts.<br>Son approche artistique ne se veut pas scientifique, mais offre une perception sensitive et sensible.<\/p>\n\n\n\n<p>Born in 1967, Sophie Papiau lives and works in Nantes, FRANCE<br>Visual artist she studied chemistry biochemistry before entering the fine art.<\/p>\n\n\n\n<p><span style=\"font-family: Arial\\ Unicode\\ MS;\"><span style=\"font-family: \uff2d\uff33\\ \u660e\u671d;\"><span lang=\"ja-JP\">\uff11\uff19\uff16\uff17\u5e74\u751f\u307e\u308c\u3001\u30d5\u30e9\u30f3\u30b9\u3001\u30de\u30a4\u30a8\u30f3\u30cc\u51fa\u8eab\u306e\u30bd\u30d5\u30a3\u30fc\u30d1\u30d4\u30aa\u306f\u73fe\u5728\u30ca\u30f3\u30c8\uff08\u30d5\u30e9\u30f3\u30b9\uff09\u3067\u6d3b\u52d5\u3057\u3066\u3044\u308b\u3002\u751f\u5316\u5b66\u306e\u52c9\u5f37\u306e\u306e\u3061\u7f8e\u8853\u5b66\u6821\u306b\u5165\u3063\u305f\u5f7c\u5973\u306f\u79d1\u5b66\u306b\u3082\u8208\u5473\u3092\u3082\u3061\u3064\u3064\u611f\u53d7\u6027\u304c\u92ed\u304f\u611f\u899a\u7684\u306a\u4f5c\u54c1\u4f5c\u308a\u3092\u3057\u3066\u3044\u308b\u3002 \/ Translated Japanese Yoko Horameda<br><\/span><\/span><\/span><\/p>\n\n\n\n<p> <\/p>\n\n\n\n<div class=\"wp-block-file\"><object class=\"wp-block-file__embed\" data=\"https:\/\/sophiepapiau.fr\/wordpress\/wp-content\/uploads\/2026\/03\/Sophie-Papiau-Portfolio-engl-HD.pdf\" type=\"application\/pdf\" style=\"width:100%;height:600px\" aria-label=\"Contenu embarqu\u00e9 Sophie-Papiau-Portfolio-engl-HD.\"><\/object><a id=\"wp-block-file--media-1bdb5518-dd95-4445-8c41-8a0913090198\" href=\"https:\/\/sophiepapiau.fr\/wordpress\/wp-content\/uploads\/2026\/03\/Sophie-Papiau-Portfolio-engl-HD.pdf\">Sophie-Papiau-Portfolio-engl-HD<\/a><a href=\"https:\/\/sophiepapiau.fr\/wordpress\/wp-content\/uploads\/2026\/03\/Sophie-Papiau-Portfolio-engl-HD.pdf\" class=\"wp-block-file__button wp-element-button\" download aria-describedby=\"wp-block-file--media-1bdb5518-dd95-4445-8c41-8a0913090198\">T\u00e9l\u00e9charger<\/a><\/div>\n\n\n\n<p class=\"has-text-align-left\">\u00a0\u00bb \u00c0 la fois unit\u00e9 biologique et lieu de l&rsquo;identit\u00e9, le corps nous repr\u00e9sente l&rsquo;autre autant omnipr\u00e9sent par son enveloppe qu&rsquo;insaisissable par son int\u00e9rieur que je me plais \u00e0 transcrire pour essayer de le confondre.<br>Inspir\u00e9 par l&rsquo;imagerie scientifique mon travail artistique s&rsquo;est d\u00e9velopp\u00e9 autour d&rsquo;images du corps ; J&#8217;emprunte des vues anatomiques : anciennes gravures, vues microscopiques, IRM qui offrent chacune leur propre perception du corps. Le transf\u00e8re de ces images sur des supports \u00e0 usage quotidien; tels que torchons, serviettes, taies d&rsquo;oreillers, confronte l&#8217;empreinte d&rsquo;un corps et sa propre empreinte g\u00e9n\u00e9tique. Le sujet appara\u00eet alors comme l&rsquo;observation d&rsquo;une pr\u00e9sence indicible qui s&rsquo;incruste dans les motifs du tissu et les phagocyte.<\/p>\n\n\n\n<p>Peu \u00e0 peu je me suis se d\u00e9tach\u00e9e de ce regard exigeant qu\u2019a le regard scientifique pour ne garder que l\u2019\u00e9trange et devenir plus abstrait&nbsp;; \u00e9largir ma recherche vers une \u00e9tude plus large du vivant&nbsp;: un questionnement par la forme et la mati\u00e8re. En puisant dans les techniques traditionnelles du textile (broderie, fon\u00e7age, point de smock, teintures) pour r\u00e9aliser des sculptures des installations.<\/p>\n\n\n\n<p>Ma pratique de la c\u00e9ramique s\u2019est d\u00e9velopp\u00e9e en parall\u00e8le de ma d\u00e9marche textile.<br>L\u2019aspect min\u00e9rale de la c\u00e9ramique s\u2019oppose au tissu.&nbsp;Les c\u00e9ramique cousues s\u2019incrustent dans le tissu et l\u2019interaction de ces mat\u00e9riaux provoque un d\u00e9calage qui accentue la souplesse et le cot\u00e9 organique du textile.\u00a0\u00bb Sophie Papiau<\/p>\n\n\n\n<p>\u201c&nbsp;Inspired by medical Imaging (microscopy images, IRM), my artistic approach does not claim to be scientific, but rather sensory and sensitive. From observation to reproduction, I plays with bodily form and anatomical networks, transforming and displacing the pattern.<br>Since my first works realized on the linen, the textile became the essential material of my whole work by exploring the fabric as a copy of the skin.<br>Little by little I\u2019m moving away from the demands of scientific perception to retain its sole strangeness and become more abstract&nbsp;; Widen my search towards a largest study of the alive : a questioning by the form and the material. By using the traditional techniques of the textile (sewing, embroidery, smock, dyes\u2026) to realize sculptures of the installations.<br>My practice of the ceramic developed in parallel of my textile approach.<br>The aspect min\u00e9ral of the ceramic is in opposition with the fabric. Ceramic sewn are embedded in the tissue and the interaction of these materials cause a gap which stresses the flexibility and the bodily form of the textile.\u00a0\u00bb<br>Sophie Papiau<\/p>\n","protected":false},"excerpt":{"rendered":"<p>\u00a0T\u00e9l\u00e9charger le catalogue \u00e9dit\u00e9 par le centre d&rsquo;art de Moulins&rsquo;art : \u00a0\u00a0\u00a0\u00a0 Catalogue Sophie Papiau \/ Centre d&rsquo;art de Moulinsart\u00a0Pdf 2015 N\u00e9e en 1967 en Mayenne, Sophie Papiau vit et travaille \u00e0 Nantes, FRANCE.Artiste plasticienne elle fait des \u00e9tudes en chimie biochimie avant d\u2019entrer aux Beaux- arts.Son approche artistique ne se veut pas scientifique, mais offre une perception sensitive et sensible. Born in 1967, Sophie Papiau lives and works in.. <a href=\"https:\/\/sophiepapiau.fr\/wordpress\/biographie\/\">Read More<\/a><\/p>\n","protected":false},"author":1,"featured_media":0,"parent":0,"menu_order":0,"comment_status":"closed","ping_status":"closed","template":"","meta":[],"_links":{"self":[{"href":"https:\/\/sophiepapiau.fr\/wordpress\/wp-json\/wp\/v2\/pages\/45"}],"collection":[{"href":"https:\/\/sophiepapiau.fr\/wordpress\/wp-json\/wp\/v2\/pages"}],"about":[{"href":"https:\/\/sophiepapiau.fr\/wordpress\/wp-json\/wp\/v2\/types\/page"}],"author":[{"embeddable":true,"href":"https:\/\/sophiepapiau.fr\/wordpress\/wp-json\/wp\/v2\/users\/1"}],"replies":[{"embeddable":true,"href":"https:\/\/sophiepapiau.fr\/wordpress\/wp-json\/wp\/v2\/comments?post=45"}],"version-history":[{"count":22,"href":"https:\/\/sophiepapiau.fr\/wordpress\/wp-json\/wp\/v2\/pages\/45\/revisions"}],"predecessor-version":[{"id":1314,"href":"https:\/\/sophiepapiau.fr\/wordpress\/wp-json\/wp\/v2\/pages\/45\/revisions\/1314"}],"wp:attachment":[{"href":"https:\/\/sophiepapiau.fr\/wordpress\/wp-json\/wp\/v2\/media?parent=45"}],"curies":[{"name":"wp","href":"https:\/\/api.w.org\/{rel}","templated":true}]}}