{"id":253,"date":"2017-06-07T13:22:21","date_gmt":"2017-06-07T12:22:21","guid":{"rendered":"http:\/\/sophiepapiau.fr\/wordpress\/?page_id=253"},"modified":"2018-03-11T19:07:06","modified_gmt":"2018-03-11T18:07:06","slug":"nides-2","status":"publish","type":"page","link":"https:\/\/sophiepapiau.fr\/wordpress\/work\/installations\/nides-2\/","title":{"rendered":"Nides \/ Festival f\u00e9ministe Clitori&rsquo;k \/ 2017"},"content":{"rendered":"<p>&nbsp;<\/p>\n<p><img decoding=\"async\" loading=\"lazy\" class=\"wp-image-525 aligncenter\" src=\"https:\/\/sophiepapiau.fr\/wordpress\/wp-content\/uploads\/2018\/03\/P-sculpture-1-300x150.jpg\" alt=\"\" width=\"718\" height=\"359\" srcset=\"https:\/\/sophiepapiau.fr\/wordpress\/wp-content\/uploads\/2018\/03\/P-sculpture-1-300x150.jpg 300w, https:\/\/sophiepapiau.fr\/wordpress\/wp-content\/uploads\/2018\/03\/P-sculpture-1-768x384.jpg 768w, https:\/\/sophiepapiau.fr\/wordpress\/wp-content\/uploads\/2018\/03\/P-sculpture-1-1024x512.jpg 1024w\" sizes=\"(max-width: 718px) 100vw, 718px\" \/><\/p>\n<p>Nides, Sculpture en collants crochet\u00e9e r\u00e9alis\u00e9e pour le festival f\u00e9ministe Clitorik. Bretagne 2017.Tregunc.<\/p>\n<p>&nbsp;<\/p>\n<p>&nbsp;<\/p>\n<p>&nbsp;<\/p>\n<p>Douarnenez, Brest mac orlan<img decoding=\"async\" loading=\"lazy\" class=\"alignnone wp-image-221\" src=\"https:\/\/sophiepapiau.fr\/wordpress\/wp-content\/uploads\/2017\/02\/Nide-Ing-169x300.jpg\" alt=\"\" width=\"239\" height=\"424\" srcset=\"https:\/\/sophiepapiau.fr\/wordpress\/wp-content\/uploads\/2017\/02\/Nide-Ing-169x300.jpg 169w, https:\/\/sophiepapiau.fr\/wordpress\/wp-content\/uploads\/2017\/02\/Nide-Ing-576x1024.jpg 576w, https:\/\/sophiepapiau.fr\/wordpress\/wp-content\/uploads\/2017\/02\/Nide-Ing.jpg 720w\" sizes=\"(max-width: 239px) 100vw, 239px\" \/>.<img decoding=\"async\" loading=\"lazy\" class=\"alignnone wp-image-222\" src=\"https:\/\/sophiepapiau.fr\/wordpress\/wp-content\/uploads\/2017\/02\/Nide-fille-fauteuil--155x300.jpg\" alt=\"\" width=\"218\" height=\"422\" srcset=\"https:\/\/sophiepapiau.fr\/wordpress\/wp-content\/uploads\/2017\/02\/Nide-fille-fauteuil--155x300.jpg 155w, https:\/\/sophiepapiau.fr\/wordpress\/wp-content\/uploads\/2017\/02\/Nide-fille-fauteuil--529x1024.jpg 529w, https:\/\/sophiepapiau.fr\/wordpress\/wp-content\/uploads\/2017\/02\/Nide-fille-fauteuil-.jpg 655w\" sizes=\"(max-width: 218px) 100vw, 218px\" \/><\/p>\n<p>&nbsp;<\/p>\n<p><img decoding=\"async\" loading=\"lazy\" class=\"wp-image-223 alignright\" src=\"https:\/\/sophiepapiau.fr\/wordpress\/wp-content\/uploads\/2017\/02\/Mac-Orlan-1-177x300.jpg\" alt=\"\" width=\"232\" height=\"393\" srcset=\"https:\/\/sophiepapiau.fr\/wordpress\/wp-content\/uploads\/2017\/02\/Mac-Orlan-1-177x300.jpg 177w, https:\/\/sophiepapiau.fr\/wordpress\/wp-content\/uploads\/2017\/02\/Mac-Orlan-1-604x1024.jpg 604w, https:\/\/sophiepapiau.fr\/wordpress\/wp-content\/uploads\/2017\/02\/Mac-Orlan-1.jpg 750w\" sizes=\"(max-width: 232px) 100vw, 232px\" \/><img decoding=\"async\" loading=\"lazy\" class=\"wp-image-220 alignleft\" src=\"https:\/\/sophiepapiau.fr\/wordpress\/wp-content\/uploads\/2017\/02\/justine-et-metig-collants-169x300.jpg\" alt=\"\" width=\"229\" height=\"407\" srcset=\"https:\/\/sophiepapiau.fr\/wordpress\/wp-content\/uploads\/2017\/02\/justine-et-metig-collants-169x300.jpg 169w, https:\/\/sophiepapiau.fr\/wordpress\/wp-content\/uploads\/2017\/02\/justine-et-metig-collants-768x1365.jpg 768w, https:\/\/sophiepapiau.fr\/wordpress\/wp-content\/uploads\/2017\/02\/justine-et-metig-collants-576x1024.jpg 576w\" sizes=\"(max-width: 229px) 100vw, 229px\" \/><\/p>\n","protected":false},"excerpt":{"rendered":"<p>&nbsp; Nides, Sculpture en collants crochet\u00e9e r\u00e9alis\u00e9e pour le festival f\u00e9ministe Clitorik. Bretagne 2017.Tregunc. &nbsp; &nbsp; &nbsp; Douarnenez, Brest mac orlan. &nbsp;<\/p>\n","protected":false},"author":1,"featured_media":0,"parent":591,"menu_order":0,"comment_status":"closed","ping_status":"closed","template":"","meta":[],"_links":{"self":[{"href":"https:\/\/sophiepapiau.fr\/wordpress\/wp-json\/wp\/v2\/pages\/253"}],"collection":[{"href":"https:\/\/sophiepapiau.fr\/wordpress\/wp-json\/wp\/v2\/pages"}],"about":[{"href":"https:\/\/sophiepapiau.fr\/wordpress\/wp-json\/wp\/v2\/types\/page"}],"author":[{"embeddable":true,"href":"https:\/\/sophiepapiau.fr\/wordpress\/wp-json\/wp\/v2\/users\/1"}],"replies":[{"embeddable":true,"href":"https:\/\/sophiepapiau.fr\/wordpress\/wp-json\/wp\/v2\/comments?post=253"}],"version-history":[{"count":7,"href":"https:\/\/sophiepapiau.fr\/wordpress\/wp-json\/wp\/v2\/pages\/253\/revisions"}],"predecessor-version":[{"id":705,"href":"https:\/\/sophiepapiau.fr\/wordpress\/wp-json\/wp\/v2\/pages\/253\/revisions\/705"}],"up":[{"embeddable":true,"href":"https:\/\/sophiepapiau.fr\/wordpress\/wp-json\/wp\/v2\/pages\/591"}],"wp:attachment":[{"href":"https:\/\/sophiepapiau.fr\/wordpress\/wp-json\/wp\/v2\/media?parent=253"}],"curies":[{"name":"wp","href":"https:\/\/api.w.org\/{rel}","templated":true}]}}