{"id":156,"date":"2017-04-24T16:05:50","date_gmt":"2017-04-24T15:05:50","guid":{"rendered":"http:\/\/sophiepapiau.fr\/wordpress\/?page_id=156"},"modified":"2018-10-19T18:57:38","modified_gmt":"2018-10-19T17:57:38","slug":"lenfance-et-les-sortileges-franck-redois","status":"publish","type":"page","link":"https:\/\/sophiepapiau.fr\/wordpress\/textes\/lenfance-et-les-sortileges-franck-redois\/","title":{"rendered":"L&rsquo;enfance et les sortil\u00e8ges \/ Franck Redois \/ Fr \/ En"},"content":{"rendered":"<p>L&rsquo;enfance et les sortil\u00e8ges<\/p>\n<p>Certains artistes, peu \u00e9pris de sobri\u00e9t\u00e9, n&rsquo;h\u00e9sitent parfois pas \u00e0 forcer sur les effets d\u00e8s lors qu&rsquo;il s&rsquo;agit de faire ressentir cette Inqui\u00e9tante \u00e9tranget\u00e9 si ch\u00e8re \u00e0 Freud et \u00e0 ses disciples. Monstres polymorphes, distorsions angoissantes et chromatisme agressif sont en effet les recettes \u00e9prouv\u00e9es, mais souvent \u00e9prouvantes \u00e0 force de r\u00e9p\u00e9titions, d&rsquo;une certaine tradition fantastique. La plasticienne Sophie Papiau n&rsquo;est d\u00e9cid\u00e9ment pas de cette \u00e9cole criarde et grandiloquente. Plus proche du po\u00e8te T.S. Eliot qui s&rsquo;engage \u00e0 nous faire \u00ab\u00a0voir l&rsquo;horreur dans une poign\u00e9e de cendre\u00a0\u00bb, l&rsquo;artiste aime \u00e0 avancer \u00e0 pas feutr\u00e9s. Sachant que pour d\u00e9busquer l&rsquo;insolite ou pour exp\u00e9rimenter une vraie rencontre avec l&rsquo;alt\u00e9rit\u00e9 il n&rsquo;est nul besoin de s&rsquo;expatrier dans des r\u00e9gions ou des dimensions lointaines, elle aime \u00e0 puiser son inspiration et ses mat\u00e9riaux dans le quotidien, apparemment, le plus l\u00e9nifiant. Fil \u00e0 couture, tissus imprim\u00e9s, porcelaine et galons de textiles sont les inoffensives et volontairement pauvres mati\u00e8res dont elle tisse ses \u0153uvres pour le moins singuli\u00e8res. Un mat\u00e9riau apparemment suffisant puisque sous les doigts de cette merci\u00e8re, aussi inqui\u00e9tante qu&rsquo;inspir\u00e9e, monstres, fant\u00f4mes et autres spectres drolatiques naissent comme en se jouant. Difficile, pour ne pas dire impossible, en fait de qualifier avec pr\u00e9cision ces \u00eatres tout \u00e0 la fois informes et obs\u00e9dants. Ces fils cousus sur un papier dont ils d\u00e9bordent et s&rsquo;\u00e9chappent semblent sans cesse osciller entre l&rsquo;amibe et l&rsquo;ectoplasme; Ces sculptures comme drap\u00e9es dans du tissu d&rsquo;ameublement peuvent tout aussi bien \u00e9voquer une entit\u00e9 extraterrestre\u00a0 unijambiste que quelques\u00a0 monstres issus d&rsquo;une mythologie fantasque. Le plus d\u00e9stabilisant est l&rsquo;ind\u00e9cision quasi paralysante dans lequel la contemplation de l&rsquo;\u0153uvre nous plonge. Car enfin doit-on rire, se formaliser ou bien encore s&rsquo;effrayer ? Ces hybrides tenant tout \u00e0 la fois du meuble, de l&rsquo;animal et du jouet disproportionn\u00e9 provoquent, en effet, autant la compassion horrifi\u00e9e que l&rsquo;effroi amus\u00e9. Les contempler c&rsquo;est un peu retrouver toute l&rsquo;acuit\u00e9 imaginative de son \u0153il d&rsquo;enfant. L&rsquo;enfant qui est le seul voyant vraiment habilit\u00e9 \u00e0 voir le pr\u00e9sent, sait tout de l&rsquo;\u00e9tranget\u00e9 du quotidien. Il sait que dans les greniers et dans les chambres, poup\u00e9es, armoires et \u00e9toffes sont en fait de fabuleuses cr\u00e9atures, faussement endormies, qui n&rsquo;attendent que son appel pour revenir \u00e0 la vie. Sophie Papiau sait, et ce n&rsquo;est pas l\u00e0 son moindre m\u00e9rite, r\u00e9veiller en nous ce regard enchant\u00e9 qui n&rsquo;appartient, dit-on, qu&rsquo;aux enfants et aux sorciers.<\/p>\n<p>Franck Redois. \u00a0 \u00a0 \u00a0 \u00a0 2015<\/p>\n<p>&nbsp;<\/p>\n<p>&nbsp;<\/p>\n<h1>Such stuff as dreams are made on<\/h1>\n<p>Some artists, in order to create a feeling of anxiety ans discomfort, don\u2019t hesitate to overdo it. Shapeless monters, weird distorsions and crude colours are, too often, the classic formula of fantastic art. Sophie Papiau is definitely not one of them. Like TS Eliot who can show us \u00ab\u00a0fear in a handful of dust\u00a0\u00bb, she prefers a much more subtle approach\u00a0; Knowing that the unknown ans the fantastic are never far from us, she finds her inspiration, and her elements, in everyday life. Sewing thread, floral print, porcelain and bits of textile are the humble and harmless matter she needs to create her surprising works. With those apparently poor elements she is able to give birth to monsters, ghosts and strange beings of all shapes. It is rather difficult, if not impossible, to clearly define those shapeless and haunting creatures. Those sewing threads who seem to flee the paper sheet can evoque amobeas as well as ectoplasms. Some of the textile sculptures look like one-legged aliens or funny demons from some mock mythology. The most disturbing thing is that we don\u2019t know how to react. After all, are we supposed to laugh, to be shocked or to be afraid\u00a0? Those hybrids, mix of toys, animals and furniture can amuse as well as terrify. In fact to meet them is to recover a child\u2019s eye. Every child, being a natural magician, knows all about the strangeness of the world. He knows that in the attics and the bedrooms, dolls, cupboards and linen are fabulous animals waiting for his call to come to life again. Sophie Papiau has the rare power, and it is not the least of her merits, to awake in us this magic eye which only belongs, they say, to children and wizards.<\/p>\n<p>Franck Redois.\u00a0\u00a0\u00a0\u00a0\u00a0\u00a0\u00a0\u00a0\u00a0 2015<\/p>\n<p>&nbsp;<\/p>\n<p>&nbsp;<\/p>\n<p>&nbsp;<\/p>\n<p>&nbsp;<\/p>\n<p>&nbsp;<\/p>\n<p>&nbsp;<\/p>\n","protected":false},"excerpt":{"rendered":"<p>L&rsquo;enfance et les sortil\u00e8ges Certains artistes, peu \u00e9pris de sobri\u00e9t\u00e9, n&rsquo;h\u00e9sitent parfois pas \u00e0 forcer sur les effets d\u00e8s lors qu&rsquo;il s&rsquo;agit de faire ressentir cette Inqui\u00e9tante \u00e9tranget\u00e9 si ch\u00e8re \u00e0 Freud et \u00e0 ses disciples. Monstres polymorphes, distorsions angoissantes et chromatisme agressif sont en effet les recettes \u00e9prouv\u00e9es, mais souvent \u00e9prouvantes \u00e0 force de r\u00e9p\u00e9titions, d&rsquo;une certaine tradition fantastique. La plasticienne Sophie Papiau n&rsquo;est d\u00e9cid\u00e9ment pas de cette \u00e9cole.. <a href=\"https:\/\/sophiepapiau.fr\/wordpress\/textes\/lenfance-et-les-sortileges-franck-redois\/\">Read More<\/a><\/p>\n","protected":false},"author":1,"featured_media":0,"parent":47,"menu_order":0,"comment_status":"closed","ping_status":"closed","template":"","meta":[],"_links":{"self":[{"href":"https:\/\/sophiepapiau.fr\/wordpress\/wp-json\/wp\/v2\/pages\/156"}],"collection":[{"href":"https:\/\/sophiepapiau.fr\/wordpress\/wp-json\/wp\/v2\/pages"}],"about":[{"href":"https:\/\/sophiepapiau.fr\/wordpress\/wp-json\/wp\/v2\/types\/page"}],"author":[{"embeddable":true,"href":"https:\/\/sophiepapiau.fr\/wordpress\/wp-json\/wp\/v2\/users\/1"}],"replies":[{"embeddable":true,"href":"https:\/\/sophiepapiau.fr\/wordpress\/wp-json\/wp\/v2\/comments?post=156"}],"version-history":[{"count":4,"href":"https:\/\/sophiepapiau.fr\/wordpress\/wp-json\/wp\/v2\/pages\/156\/revisions"}],"predecessor-version":[{"id":848,"href":"https:\/\/sophiepapiau.fr\/wordpress\/wp-json\/wp\/v2\/pages\/156\/revisions\/848"}],"up":[{"embeddable":true,"href":"https:\/\/sophiepapiau.fr\/wordpress\/wp-json\/wp\/v2\/pages\/47"}],"wp:attachment":[{"href":"https:\/\/sophiepapiau.fr\/wordpress\/wp-json\/wp\/v2\/media?parent=156"}],"curies":[{"name":"wp","href":"https:\/\/api.w.org\/{rel}","templated":true}]}}