{"id":134,"date":"2017-02-01T17:08:58","date_gmt":"2017-02-01T16:08:58","guid":{"rendered":"http:\/\/sophiepapiau.fr\/wordpress\/?page_id=134"},"modified":"2018-10-19T18:59:35","modified_gmt":"2018-10-19T17:59:35","slug":"caroline-vaillant","status":"publish","type":"page","link":"https:\/\/sophiepapiau.fr\/wordpress\/textes\/caroline-vaillant\/","title":{"rendered":"Caroline Vaillant"},"content":{"rendered":"<p>L &lsquo;univers de Sophie Papiau m&rsquo;\u00e9voque \u00ab\u00a0le voyage fantastique\u00a0\u00bb , ce film des ann\u00e9es soixante de Richard Feisher o\u00f9\u00a0 l&rsquo;on nous invite \u00e0 prendre place \u00e0 bord du Proteus, un sous -marin miniaturis\u00e9\u00a0\u00a0\u00a0\u00a0 pour une travers\u00e9e \u00e0 l&rsquo;int\u00e9rieur du corps humain.<br \/>\nComme revenue de ce p\u00e9riple imaginaire Sophie Papiau\u00a0 nous en d\u00e9livre un rapport particulier donnant\u00a0 forme \u00e0 ses cr\u00e9ations : broderies cellulaires sur\u00a0 toiles matelass\u00e9es,\u00a0 peintures entrelac\u00e9es de veinages , coupe de coeur ou de cerveau s&rsquo;\u00e9talent sur torchons ou taies d&rsquo;oreillers.<br \/>\nR\u00e9cit d&rsquo;observation microscopique adapt\u00e9 sur du linge de maison , la trame pour une r\u00e9 interpr\u00e9tation d&rsquo;objets du quotidien.<br \/>\nUne s\u00e9rie d&rsquo;yeux peints sur des mouchoirs nous fixent et ce n&rsquo;est pas sans rappeler<br \/>\nces vers de Th\u00e9ophile Gautier \u00ab\u00a0mais je garde , empreinte ador\u00e9e une larme sur un papier&#8230;d&rsquo;un oeil qui n&rsquo;a jamais pleur\u00e9\u00a0\u00bb.<br \/>\nSon travail est fait de fils enchev\u00eatr\u00e9s, d&#8217;empreintes d&rsquo;organes qui soupirent , nous content d&rsquo;intimes po\u00e9sies scientifiques sans contradiction avec le romantisme de ces fonds fleuris.<br \/>\nL&rsquo;animal est aussi observ\u00e9, un \u00e9trange bestiaire peint se d\u00e9ploie sur\u00a0 des tissus rembourr\u00e9s , cerveau d&rsquo;araign\u00e9e ou de m\u00e9duse , procession d&rsquo;escargots .<br \/>\nTout est concordance sous le titre \u00ab\u00a0mutation douce\u00a0\u00bb d&rsquo;une de ses exposition o\u00f9 se c\u00f4toient des dents difformes en c\u00e9ramique n&rsquo;appartenant \u00e0 aucune bouche, des empreintes de mains-coquillages rejet\u00e9es par aucune mer .<br \/>\nC&rsquo;est ainsi qu&rsquo; apr\u00e8s l&rsquo;observation du corps humain , Sophie Papiau r\u00e9invente\u00a0 celui ci,<br \/>\nscientifique visionnaire jusqu&rsquo;\u00e0 nous pr\u00e9senter des fragments d&rsquo;os non identifi\u00e9s, l&rsquo;appr\u00e9hension d&rsquo;un monde futur o\u00f9 \u00e9volueront des cr\u00e9atures qui ne sont pas encore n\u00e9es, \u00e0 moins de s&rsquo;appuyer sur une fragile r\u00e9alit\u00e9.<\/p>\n<p>Caroline Vaillant \u00a0 \u00a0 \u00a0 \u00a0 \u00a0 \u00a0 \u00a0 \u00a0\u00a0 2004<\/p>\n","protected":false},"excerpt":{"rendered":"<p>L &lsquo;univers de Sophie Papiau m&rsquo;\u00e9voque \u00ab\u00a0le voyage fantastique\u00a0\u00bb , ce film des ann\u00e9es soixante de Richard Feisher o\u00f9\u00a0 l&rsquo;on nous invite \u00e0 prendre place \u00e0 bord du Proteus, un sous -marin miniaturis\u00e9\u00a0\u00a0\u00a0\u00a0 pour une travers\u00e9e \u00e0 l&rsquo;int\u00e9rieur du corps humain. Comme revenue de ce p\u00e9riple imaginaire Sophie Papiau\u00a0 nous en d\u00e9livre un rapport particulier donnant\u00a0 forme \u00e0 ses cr\u00e9ations : broderies cellulaires sur\u00a0 toiles matelass\u00e9es,\u00a0 peintures entrelac\u00e9es de veinages.. <a href=\"https:\/\/sophiepapiau.fr\/wordpress\/textes\/caroline-vaillant\/\">Read More<\/a><\/p>\n","protected":false},"author":1,"featured_media":0,"parent":47,"menu_order":0,"comment_status":"closed","ping_status":"closed","template":"","meta":[],"_links":{"self":[{"href":"https:\/\/sophiepapiau.fr\/wordpress\/wp-json\/wp\/v2\/pages\/134"}],"collection":[{"href":"https:\/\/sophiepapiau.fr\/wordpress\/wp-json\/wp\/v2\/pages"}],"about":[{"href":"https:\/\/sophiepapiau.fr\/wordpress\/wp-json\/wp\/v2\/types\/page"}],"author":[{"embeddable":true,"href":"https:\/\/sophiepapiau.fr\/wordpress\/wp-json\/wp\/v2\/users\/1"}],"replies":[{"embeddable":true,"href":"https:\/\/sophiepapiau.fr\/wordpress\/wp-json\/wp\/v2\/comments?post=134"}],"version-history":[{"count":4,"href":"https:\/\/sophiepapiau.fr\/wordpress\/wp-json\/wp\/v2\/pages\/134\/revisions"}],"predecessor-version":[{"id":849,"href":"https:\/\/sophiepapiau.fr\/wordpress\/wp-json\/wp\/v2\/pages\/134\/revisions\/849"}],"up":[{"embeddable":true,"href":"https:\/\/sophiepapiau.fr\/wordpress\/wp-json\/wp\/v2\/pages\/47"}],"wp:attachment":[{"href":"https:\/\/sophiepapiau.fr\/wordpress\/wp-json\/wp\/v2\/media?parent=134"}],"curies":[{"name":"wp","href":"https:\/\/api.w.org\/{rel}","templated":true}]}}