{"id":1050,"date":"2021-10-20T14:55:14","date_gmt":"2021-10-20T13:55:14","guid":{"rendered":"http:\/\/sophiepapiau.fr\/wordpress\/?page_id=1050"},"modified":"2022-12-14T14:30:30","modified_gmt":"2022-12-14T13:30:30","slug":"pink-forest","status":"publish","type":"page","link":"https:\/\/sophiepapiau.fr\/wordpress\/work\/installations\/pink-forest\/","title":{"rendered":"Pink Forest"},"content":{"rendered":"\n<p> <\/p>\n\n\n\n<p> Pink Forest est une installation constitu\u00e9e d\u2019un ensemble de sculptures textile, fil et pi\u00e8ces de c\u00e9ramiques cousues. <\/p>\n\n\n\n<p>Tout est vivant et communique ensemble, animal, v\u00e9g\u00e9tal, plantes, cailloux. Ce qui se v\u00e9rifie de jours en jours au fil des d\u00e9couvertes scientifiques. Pink forest traduit cette id\u00e9e en une installation immersive mi-v\u00e9g\u00e9tale, mi-organique dans laquelle le spectateur est englob\u00e9 et d\u00e9pass\u00e9.<\/p>\n\n\n\n<p>L\u2019installation PF est une installation \u00e9volutive con\u00e7ue au fil des expositions et des lieux qui vont l\u2019accueillir.<\/p>\n\n\n\n<p>Elle a d\u00e9j\u00e0 \u00e9t\u00e9 expos\u00e9e \u00e0 La Providence centre d\u2019art vivant Catalan Ille-sur-T\u00eat France, au Hangar Cassin, Nantes Fr  au Pulchri\u2019studio \u00e0 La Haye Hollande dont une pi\u00e8ce en \u00e9cho \u00e0 2022Art\/X\/Toyama au Japon.<\/p>\n\n\n\n<p>En cours de fabrication. <\/p>\n\n\n\n<figure class=\"wp-block-image size-large is-resized\"><a href=\"https:\/\/sophiepapiau.fr\/wordpress\/wp-content\/uploads\/2022\/12\/DSCF4743-2-scaled.jpg\"><img decoding=\"async\" loading=\"lazy\" src=\"https:\/\/sophiepapiau.fr\/wordpress\/wp-content\/uploads\/2022\/12\/DSCF4743-2-1024x576.jpg\" alt=\"\" class=\"wp-image-1193\" width=\"840\" height=\"472\" srcset=\"https:\/\/sophiepapiau.fr\/wordpress\/wp-content\/uploads\/2022\/12\/DSCF4743-2-1024x576.jpg 1024w, https:\/\/sophiepapiau.fr\/wordpress\/wp-content\/uploads\/2022\/12\/DSCF4743-2-300x169.jpg 300w, https:\/\/sophiepapiau.fr\/wordpress\/wp-content\/uploads\/2022\/12\/DSCF4743-2-768x432.jpg 768w, https:\/\/sophiepapiau.fr\/wordpress\/wp-content\/uploads\/2022\/12\/DSCF4743-2-1536x864.jpg 1536w, https:\/\/sophiepapiau.fr\/wordpress\/wp-content\/uploads\/2022\/12\/DSCF4743-2-2048x1152.jpg 2048w\" sizes=\"(max-width: 840px) 100vw, 840px\" \/><\/a><figcaption>Hangar Cassin,  Nantes, Fr octobre 2022.<\/figcaption><\/figure>\n\n\n\n<div class=\"wp-block-image\"><figure class=\"alignleft size-large is-resized\"><a href=\"https:\/\/sophiepapiau.fr\/wordpress\/wp-content\/uploads\/2022\/12\/DSCF4745-2-scaled.jpg\"><img decoding=\"async\" loading=\"lazy\" src=\"https:\/\/sophiepapiau.fr\/wordpress\/wp-content\/uploads\/2022\/12\/DSCF4745-2-576x1024.jpg\" alt=\"\" class=\"wp-image-1201\" width=\"382\" height=\"679\" srcset=\"https:\/\/sophiepapiau.fr\/wordpress\/wp-content\/uploads\/2022\/12\/DSCF4745-2-576x1024.jpg 576w, https:\/\/sophiepapiau.fr\/wordpress\/wp-content\/uploads\/2022\/12\/DSCF4745-2-169x300.jpg 169w, https:\/\/sophiepapiau.fr\/wordpress\/wp-content\/uploads\/2022\/12\/DSCF4745-2-768x1365.jpg 768w, https:\/\/sophiepapiau.fr\/wordpress\/wp-content\/uploads\/2022\/12\/DSCF4745-2-864x1536.jpg 864w, https:\/\/sophiepapiau.fr\/wordpress\/wp-content\/uploads\/2022\/12\/DSCF4745-2-1152x2048.jpg 1152w, https:\/\/sophiepapiau.fr\/wordpress\/wp-content\/uploads\/2022\/12\/DSCF4745-2-scaled.jpg 1440w\" sizes=\"(max-width: 382px) 100vw, 382px\" \/><\/a><\/figure><\/div>\n\n\n\n<figure class=\"wp-block-image size-large is-resized\"><a href=\"https:\/\/sophiepapiau.fr\/wordpress\/wp-content\/uploads\/2022\/12\/DSCF4744-scaled.jpg\"><img decoding=\"async\" loading=\"lazy\" src=\"https:\/\/sophiepapiau.fr\/wordpress\/wp-content\/uploads\/2022\/12\/DSCF4744-576x1024.jpg\" alt=\"\" class=\"wp-image-1202\" width=\"338\" height=\"600\" srcset=\"https:\/\/sophiepapiau.fr\/wordpress\/wp-content\/uploads\/2022\/12\/DSCF4744-576x1024.jpg 576w, https:\/\/sophiepapiau.fr\/wordpress\/wp-content\/uploads\/2022\/12\/DSCF4744-169x300.jpg 169w, https:\/\/sophiepapiau.fr\/wordpress\/wp-content\/uploads\/2022\/12\/DSCF4744-768x1365.jpg 768w, https:\/\/sophiepapiau.fr\/wordpress\/wp-content\/uploads\/2022\/12\/DSCF4744-864x1536.jpg 864w, https:\/\/sophiepapiau.fr\/wordpress\/wp-content\/uploads\/2022\/12\/DSCF4744-1152x2048.jpg 1152w, https:\/\/sophiepapiau.fr\/wordpress\/wp-content\/uploads\/2022\/12\/DSCF4744-scaled.jpg 1440w\" sizes=\"(max-width: 338px) 100vw, 338px\" \/><\/a><figcaption>  <\/figcaption><\/figure>\n\n\n\n<figure class=\"wp-block-gallery aligncenter columns-3 is-cropped wp-block-gallery-1 is-layout-flex\"><ul class=\"blocks-gallery-grid\"><li class=\"blocks-gallery-item\"><figure><a href=\"https:\/\/sophiepapiau.fr\/wordpress\/wp-content\/uploads\/2020\/10\/P1200612-rotated.jpg\"><img decoding=\"async\" loading=\"lazy\" width=\"683\" height=\"1024\" src=\"https:\/\/sophiepapiau.fr\/wordpress\/wp-content\/uploads\/2020\/10\/P1200612-683x1024.jpg\" alt=\"\" data-id=\"985\" data-full-url=\"https:\/\/sophiepapiau.fr\/wordpress\/wp-content\/uploads\/2020\/10\/P1200612-rotated.jpg\" data-link=\"https:\/\/sophiepapiau.fr\/wordpress\/planete-papiau\/p1200612\/\" class=\"wp-image-985\" srcset=\"https:\/\/sophiepapiau.fr\/wordpress\/wp-content\/uploads\/2020\/10\/P1200612-683x1024.jpg 683w, https:\/\/sophiepapiau.fr\/wordpress\/wp-content\/uploads\/2020\/10\/P1200612-200x300.jpg 200w, https:\/\/sophiepapiau.fr\/wordpress\/wp-content\/uploads\/2020\/10\/P1200612-768x1152.jpg 768w, https:\/\/sophiepapiau.fr\/wordpress\/wp-content\/uploads\/2020\/10\/P1200612-1024x1536.jpg 1024w, https:\/\/sophiepapiau.fr\/wordpress\/wp-content\/uploads\/2020\/10\/P1200612-1365x2048.jpg 1365w, https:\/\/sophiepapiau.fr\/wordpress\/wp-content\/uploads\/2020\/10\/P1200612-rotated.jpg 1408w\" sizes=\"(max-width: 683px) 100vw, 683px\" \/><\/a><\/figure><\/li><li class=\"blocks-gallery-item\"><figure><a href=\"https:\/\/sophiepapiau.fr\/wordpress\/wp-content\/uploads\/2020\/10\/P1200529-rotated.jpg\"><img decoding=\"async\" loading=\"lazy\" width=\"683\" height=\"1024\" src=\"https:\/\/sophiepapiau.fr\/wordpress\/wp-content\/uploads\/2020\/10\/P1200529-683x1024.jpg\" alt=\"\" data-id=\"972\" data-full-url=\"https:\/\/sophiepapiau.fr\/wordpress\/wp-content\/uploads\/2020\/10\/P1200529-rotated.jpg\" data-link=\"https:\/\/sophiepapiau.fr\/wordpress\/planete-papiau\/p1200529\/\" class=\"wp-image-972\" srcset=\"https:\/\/sophiepapiau.fr\/wordpress\/wp-content\/uploads\/2020\/10\/P1200529-683x1024.jpg 683w, https:\/\/sophiepapiau.fr\/wordpress\/wp-content\/uploads\/2020\/10\/P1200529-200x300.jpg 200w, https:\/\/sophiepapiau.fr\/wordpress\/wp-content\/uploads\/2020\/10\/P1200529-768x1152.jpg 768w, https:\/\/sophiepapiau.fr\/wordpress\/wp-content\/uploads\/2020\/10\/P1200529-1024x1536.jpg 1024w, https:\/\/sophiepapiau.fr\/wordpress\/wp-content\/uploads\/2020\/10\/P1200529-1365x2048.jpg 1365w, https:\/\/sophiepapiau.fr\/wordpress\/wp-content\/uploads\/2020\/10\/P1200529-rotated.jpg 1408w\" sizes=\"(max-width: 683px) 100vw, 683px\" \/><\/a><\/figure><\/li><li class=\"blocks-gallery-item\"><figure><a href=\"https:\/\/sophiepapiau.fr\/wordpress\/wp-content\/uploads\/2021\/01\/IMG_20200919_103655_309.jpg\"><img decoding=\"async\" loading=\"lazy\" width=\"640\" height=\"853\" src=\"https:\/\/sophiepapiau.fr\/wordpress\/wp-content\/uploads\/2021\/01\/IMG_20200919_103655_309.jpg\" alt=\"\" data-id=\"1007\" data-full-url=\"https:\/\/sophiepapiau.fr\/wordpress\/wp-content\/uploads\/2021\/01\/IMG_20200919_103655_309.jpg\" data-link=\"https:\/\/sophiepapiau.fr\/wordpress\/planete-papiau\/img_20200919_103655_309\/\" class=\"wp-image-1007\" srcset=\"https:\/\/sophiepapiau.fr\/wordpress\/wp-content\/uploads\/2021\/01\/IMG_20200919_103655_309.jpg 640w, https:\/\/sophiepapiau.fr\/wordpress\/wp-content\/uploads\/2021\/01\/IMG_20200919_103655_309-225x300.jpg 225w\" sizes=\"(max-width: 640px) 100vw, 640px\" \/><\/a><\/figure><\/li><\/ul><figcaption class=\"blocks-gallery-caption\">La Providence, Centre Catalan d&rsquo;art vivant , Ille-sur-T\u00eat France 2020<\/figcaption><\/figure>\n\n\n\n<figure class=\"wp-block-gallery columns-3 is-cropped wp-block-gallery-3 is-layout-flex\"><ul class=\"blocks-gallery-grid\"><li class=\"blocks-gallery-item\"><figure><a href=\"https:\/\/sophiepapiau.fr\/wordpress\/wp-content\/uploads\/2022\/05\/P1230345-1.jpg\"><img decoding=\"async\" loading=\"lazy\" width=\"678\" height=\"1024\" src=\"https:\/\/sophiepapiau.fr\/wordpress\/wp-content\/uploads\/2022\/05\/P1230345-1-678x1024.jpg\" alt=\"\" data-id=\"1128\" data-full-url=\"https:\/\/sophiepapiau.fr\/wordpress\/wp-content\/uploads\/2022\/05\/P1230345-1.jpg\" data-link=\"https:\/\/sophiepapiau.fr\/wordpress\/possible-impossibilities-pulchri-studio-la-haye-pays-bas\/p1230345-1\/\" class=\"wp-image-1128\" srcset=\"https:\/\/sophiepapiau.fr\/wordpress\/wp-content\/uploads\/2022\/05\/P1230345-1-678x1024.jpg 678w, https:\/\/sophiepapiau.fr\/wordpress\/wp-content\/uploads\/2022\/05\/P1230345-1-199x300.jpg 199w, https:\/\/sophiepapiau.fr\/wordpress\/wp-content\/uploads\/2022\/05\/P1230345-1-768x1160.jpg 768w, https:\/\/sophiepapiau.fr\/wordpress\/wp-content\/uploads\/2022\/05\/P1230345-1-1017x1536.jpg 1017w, https:\/\/sophiepapiau.fr\/wordpress\/wp-content\/uploads\/2022\/05\/P1230345-1.jpg 1190w\" sizes=\"(max-width: 678px) 100vw, 678px\" \/><\/a><\/figure><\/li><li class=\"blocks-gallery-item\"><figure><a href=\"https:\/\/sophiepapiau.fr\/wordpress\/wp-content\/uploads\/2022\/05\/IMG_20220503_122944-scaled.jpg\"><img decoding=\"async\" loading=\"lazy\" width=\"768\" height=\"1024\" src=\"https:\/\/sophiepapiau.fr\/wordpress\/wp-content\/uploads\/2022\/05\/IMG_20220503_122944-768x1024.jpg\" alt=\"\" data-id=\"1150\" data-full-url=\"https:\/\/sophiepapiau.fr\/wordpress\/wp-content\/uploads\/2022\/05\/IMG_20220503_122944-scaled.jpg\" data-link=\"https:\/\/sophiepapiau.fr\/wordpress\/possible-impossibilities-pulchri-studio-la-haye-pays-bas\/img_20220503_122944\/\" class=\"wp-image-1150\" srcset=\"https:\/\/sophiepapiau.fr\/wordpress\/wp-content\/uploads\/2022\/05\/IMG_20220503_122944-768x1024.jpg 768w, https:\/\/sophiepapiau.fr\/wordpress\/wp-content\/uploads\/2022\/05\/IMG_20220503_122944-225x300.jpg 225w, https:\/\/sophiepapiau.fr\/wordpress\/wp-content\/uploads\/2022\/05\/IMG_20220503_122944-1152x1536.jpg 1152w, https:\/\/sophiepapiau.fr\/wordpress\/wp-content\/uploads\/2022\/05\/IMG_20220503_122944-1536x2048.jpg 1536w, https:\/\/sophiepapiau.fr\/wordpress\/wp-content\/uploads\/2022\/05\/IMG_20220503_122944-scaled.jpg 1920w\" sizes=\"(max-width: 768px) 100vw, 768px\" \/><\/a><\/figure><\/li><li class=\"blocks-gallery-item\"><figure><a href=\"https:\/\/sophiepapiau.fr\/wordpress\/wp-content\/uploads\/2022\/05\/IMG_20220503_123029-scaled.jpg\"><img decoding=\"async\" loading=\"lazy\" width=\"768\" height=\"1024\" src=\"https:\/\/sophiepapiau.fr\/wordpress\/wp-content\/uploads\/2022\/05\/IMG_20220503_123029-768x1024.jpg\" alt=\"\" data-id=\"1129\" data-full-url=\"https:\/\/sophiepapiau.fr\/wordpress\/wp-content\/uploads\/2022\/05\/IMG_20220503_123029-scaled.jpg\" data-link=\"https:\/\/sophiepapiau.fr\/wordpress\/possible-impossibilities-pulchri-studio-la-haye-pays-bas\/img_20220503_123029\/\" class=\"wp-image-1129\" srcset=\"https:\/\/sophiepapiau.fr\/wordpress\/wp-content\/uploads\/2022\/05\/IMG_20220503_123029-768x1024.jpg 768w, https:\/\/sophiepapiau.fr\/wordpress\/wp-content\/uploads\/2022\/05\/IMG_20220503_123029-225x300.jpg 225w, https:\/\/sophiepapiau.fr\/wordpress\/wp-content\/uploads\/2022\/05\/IMG_20220503_123029-1152x1536.jpg 1152w, https:\/\/sophiepapiau.fr\/wordpress\/wp-content\/uploads\/2022\/05\/IMG_20220503_123029-1536x2048.jpg 1536w, https:\/\/sophiepapiau.fr\/wordpress\/wp-content\/uploads\/2022\/05\/IMG_20220503_123029-scaled.jpg 1920w\" sizes=\"(max-width: 768px) 100vw, 768px\" \/><\/a><\/figure><\/li><li class=\"blocks-gallery-item\"><figure><a href=\"https:\/\/sophiepapiau.fr\/wordpress\/wp-content\/uploads\/2022\/05\/P1230298-rotated.jpg\"><img decoding=\"async\" loading=\"lazy\" width=\"683\" height=\"1024\" src=\"https:\/\/sophiepapiau.fr\/wordpress\/wp-content\/uploads\/2022\/05\/P1230298-683x1024.jpg\" alt=\"\" data-id=\"1132\" data-full-url=\"https:\/\/sophiepapiau.fr\/wordpress\/wp-content\/uploads\/2022\/05\/P1230298-rotated.jpg\" data-link=\"https:\/\/sophiepapiau.fr\/wordpress\/possible-impossibilities-pulchri-studio-la-haye-pays-bas\/p1230298-2\/\" class=\"wp-image-1132\" srcset=\"https:\/\/sophiepapiau.fr\/wordpress\/wp-content\/uploads\/2022\/05\/P1230298-683x1024.jpg 683w, https:\/\/sophiepapiau.fr\/wordpress\/wp-content\/uploads\/2022\/05\/P1230298-200x300.jpg 200w, https:\/\/sophiepapiau.fr\/wordpress\/wp-content\/uploads\/2022\/05\/P1230298-768x1152.jpg 768w, https:\/\/sophiepapiau.fr\/wordpress\/wp-content\/uploads\/2022\/05\/P1230298-1024x1536.jpg 1024w, https:\/\/sophiepapiau.fr\/wordpress\/wp-content\/uploads\/2022\/05\/P1230298-1365x2048.jpg 1365w, https:\/\/sophiepapiau.fr\/wordpress\/wp-content\/uploads\/2022\/05\/P1230298-rotated.jpg 1408w\" sizes=\"(max-width: 683px) 100vw, 683px\" \/><\/a><\/figure><\/li><\/ul><figcaption class=\"blocks-gallery-caption\">Pulchri studio LaHaye Pays-bas , 7 au 29 May 2022.<\/figcaption><\/figure>\n\n\n\n<div class=\"wp-block-image\"><figure class=\"aligncenter size-large is-resized\"><img decoding=\"async\" loading=\"lazy\" src=\"https:\/\/sophiepapiau.fr\/wordpress\/wp-content\/uploads\/2022\/06\/280639547_723533005510797_4139050733164920308_n-e1656517794250.jpg\" alt=\"\" class=\"wp-image-1162\" width=\"303\" height=\"299\"\/><figcaption>2022Art\/X\/Toyama<\/figcaption><\/figure><\/div>\n\n\n\n<p><\/p>\n","protected":false},"excerpt":{"rendered":"<p>Pink Forest est une installation constitu\u00e9e d\u2019un ensemble de sculptures textile, fil et pi\u00e8ces de c\u00e9ramiques cousues. Tout est vivant et communique ensemble, animal, v\u00e9g\u00e9tal, plantes, cailloux. Ce qui se v\u00e9rifie de jours en jours au fil des d\u00e9couvertes scientifiques. Pink forest traduit cette id\u00e9e en une installation immersive mi-v\u00e9g\u00e9tale, mi-organique dans laquelle le spectateur est englob\u00e9 et d\u00e9pass\u00e9. L\u2019installation PF est une installation \u00e9volutive con\u00e7ue au fil des expositions.. <a href=\"https:\/\/sophiepapiau.fr\/wordpress\/work\/installations\/pink-forest\/\">Read More<\/a><\/p>\n","protected":false},"author":1,"featured_media":0,"parent":591,"menu_order":1,"comment_status":"closed","ping_status":"closed","template":"","meta":[],"_links":{"self":[{"href":"https:\/\/sophiepapiau.fr\/wordpress\/wp-json\/wp\/v2\/pages\/1050"}],"collection":[{"href":"https:\/\/sophiepapiau.fr\/wordpress\/wp-json\/wp\/v2\/pages"}],"about":[{"href":"https:\/\/sophiepapiau.fr\/wordpress\/wp-json\/wp\/v2\/types\/page"}],"author":[{"embeddable":true,"href":"https:\/\/sophiepapiau.fr\/wordpress\/wp-json\/wp\/v2\/users\/1"}],"replies":[{"embeddable":true,"href":"https:\/\/sophiepapiau.fr\/wordpress\/wp-json\/wp\/v2\/comments?post=1050"}],"version-history":[{"count":13,"href":"https:\/\/sophiepapiau.fr\/wordpress\/wp-json\/wp\/v2\/pages\/1050\/revisions"}],"predecessor-version":[{"id":1205,"href":"https:\/\/sophiepapiau.fr\/wordpress\/wp-json\/wp\/v2\/pages\/1050\/revisions\/1205"}],"up":[{"embeddable":true,"href":"https:\/\/sophiepapiau.fr\/wordpress\/wp-json\/wp\/v2\/pages\/591"}],"wp:attachment":[{"href":"https:\/\/sophiepapiau.fr\/wordpress\/wp-json\/wp\/v2\/media?parent=1050"}],"curies":[{"name":"wp","href":"https:\/\/api.w.org\/{rel}","templated":true}]}}